{"id":521,"date":"2021-05-02T17:36:53","date_gmt":"2021-05-02T17:36:53","guid":{"rendered":"https:\/\/actividadesgijon.com\/reservas\/?post_type=product&#038;p=521"},"modified":"2025-02-17T12:06:16","modified_gmt":"2025-02-17T12:06:16","slug":"paintball-infantil","status":"publish","type":"product","link":"https:\/\/www.actividadesgijon.com\/reservas\/productos\/paintball-infantil\/","title":{"rendered":"Paintball infantil"},"content":{"rendered":"<h2>Paintball infantil en Gij\u00f3n o Splatmaster para ni\u00f1os<\/h2>\n<p>Reserva la actividad de Paintball infantil en Gij\u00f3n adaptado especialmente para los m\u00e1s peque\u00f1os en el <strong style=\"color: #cc0000;\">\u00fanico campo de Paintball de Gij\u00f3n.\u00a0 <\/strong>Se trata de una actividad ideal para cumplea\u00f1os y celebraciones. Tambi\u00e9n, disponemos del mejor equipamiento de paintball infantil con marcadoras, traje y protecciones para diferentes edades.<\/p>\n<p>Adem\u00e1s, no hay mejor manera de conseguir un subid\u00f3n de <strong style=\"color: #cc0000;\">adrenalina<\/strong> que aventur\u00e1ndote en las inmediaciones de una batalla legendaria gracias a <strong style=\"color: #cc0000;\">Actividades Gij\u00f3n.\u00a0<\/strong><\/p>\n<p>Por supuesto, disponemos de tres escenarios de batalla: \u00abPuentes\u00bb, \u00abTrincheras\u00bb y en las cercan\u00edas de la Senda Verde de la Camocha. Adem\u00e1s, jugaremos a diferentes modos de juego como La bandera, asalto a la colina, todos contra todos o bandera central. Todos los escenarios son v\u00e1lidos para nuestro cometido: <strong style=\"color: #cc0000;\">sobreponernos al rival.<\/strong><\/p>\n<h3 style=\"color: #cc0000;\"><strong>\u00bfQu\u00e9 incluye el paintball infantil en Gij\u00f3n?<\/strong><\/h3>\n<ul>\n<li>Marcadora Splatmaster + accesorios.<\/li>\n<li>Recarga de 100 bolas paintball iniciales incluidas por participante.<\/li>\n<li>Buzo camuflado de \u00faltimo dise\u00f1o, m\u00e1scara, protector de cuello yguantes.<\/li>\n<li>Uso de todos los servicios (taquillas, ba\u00f1os\u2026).<\/li>\n<li>Opci\u00f3n a contratar un men\u00fa cachopo o parrillada opcional.<\/li>\n<li>Disponemos de ba\u00f1os WC, taquillas y mesas para merendar en las instalaciones.<\/li>\n<li>Para cumplea\u00f1os de ni\u00f1os se podr\u00e1 utilizar las camas el\u00e1sticas en las instalaciones (consultar tarifa).<\/li>\n<li>Adem\u00e1s, ofrecemos m\u00faltiples opciones para grupos y cumplea\u00f1os en nuestras instalaciones.<\/li>\n<\/ul>\n<h3 style=\"color: #cc0000;\"><strong>Duraci\u00f3n Paintball infantil<\/strong><\/h3>\n<ul>\n<li>Sin tiempo de duraci\u00f3n. Siempre que teng\u00e1is munici\u00f3n, la partida se sigue jugando. Opci\u00f3n a jugar m\u00e1s tiempo si se compran m\u00e1s bolas (consultar tarifa).<\/li>\n<\/ul>\n<h4 style=\"color: #cc0000;\"><strong>Requisitos y recomendaciones:<\/strong><\/h4>\n<ul>\n<li>El m\u00ednimo de participantes de 6 personas.<\/li>\n<li>Edad m\u00ednima 8 a\u00f1os.<\/li>\n<li>Concretar n\u00famero de participantes con 7 d\u00edas de antelaci\u00f3n.<\/li>\n<li>En ocasiones se debe realizar un dep\u00f3sito para garantizar la reserva. El resto se pagar\u00eda al llegar a la actividad.<\/li>\n<li>Llevar ropa y calzado de repuesto y c\u00f3modo (es posible que te ensucies).<\/li>\n<li>Hacer caso al monitor en todo momento.<\/li>\n<li>Ajustarse bien la m\u00e1scara y las protecciones.<\/li>\n<li>Respetar una distancia entre jugadores antes de disparar (de 8 a 10 metros de distancia).<\/li>\n<li>Apuntar con la marcadora al suelo cuando no se est\u00e9 jugando.<\/li>\n<\/ul>\n","protected":false},"excerpt":{"rendered":"<p>\u00danico campo de paintball en Gij\u00f3n para ni\u00f1os y ni\u00f1as. Incluye 100 bolas de recarga iniciales GRATIS. Precio por persona.<\/p>\n","protected":false},"featured_media":543,"template":"","meta":[],"product_cat":[27],"product_tag":[],"class_list":{"0":"post-521","1":"product","2":"type-product","3":"status-publish","4":"has-post-thumbnail","6":"product_cat-actividades","8":"first","9":"instock","10":"taxable","11":"shipping-taxable","12":"purchasable","13":"product-type-simple"},"yoast_head":"<!-- This site is optimized with the Yoast SEO plugin v23.1 - https:\/\/yoast.com\/wordpress\/plugins\/seo\/ -->\n<title>Paintball Infantil en Gij\u00f3n - Reservas Actividades Gij\u00f3n<\/title>\n<meta name=\"description\" content=\"Paintball para ni\u00f1os en Gij\u00f3n especial para cumplea\u00f1os y celebraciones. Reservas al \u260e 690 173 984 - Reservar Paintball infantil en Gij\u00f3n\" \/>\n<meta name=\"robots\" content=\"index, follow, max-snippet:-1, max-image-preview:large, max-video-preview:-1\" \/>\n<link rel=\"canonical\" href=\"https:\/\/www.actividadesgijon.com\/reservas\/productos\/paintball-infantil\/\" \/>\n<meta property=\"og:locale\" content=\"es_ES\" \/>\n<meta property=\"og:type\" content=\"article\" \/>\n<meta property=\"og:title\" content=\"Paintball Infantil en Gij\u00f3n - Reservas Actividades Gij\u00f3n\" \/>\n<meta property=\"og:description\" content=\"Paintball para ni\u00f1os en Gij\u00f3n especial para cumplea\u00f1os y celebraciones. Reservas al \u260e 690 173 984 - Reservar Paintball infantil en Gij\u00f3n\" \/>\n<meta property=\"og:url\" content=\"https:\/\/www.actividadesgijon.com\/reservas\/productos\/paintball-infantil\/\" \/>\n<meta property=\"og:site_name\" content=\"Reservas Actividades Gij\u00f3n\" \/>\n<meta property=\"article:modified_time\" content=\"2025-02-17T12:06:16+00:00\" \/>\n<meta property=\"og:image\" content=\"https:\/\/www.actividadesgijon.com\/reservas\/wp-content\/uploads\/2021\/05\/reservar-paintball-infantil-en-gijon.jpg\" \/>\n\t<meta property=\"og:image:width\" content=\"600\" \/>\n\t<meta property=\"og:image:height\" content=\"400\" \/>\n\t<meta property=\"og:image:type\" content=\"image\/jpeg\" \/>\n<meta name=\"twitter:card\" content=\"summary_large_image\" \/>\n<meta name=\"twitter:label1\" content=\"Tiempo de lectura\" \/>\n\t<meta name=\"twitter:data1\" content=\"2 minutos\" \/>\n<script type=\"application\/ld+json\" class=\"yoast-schema-graph\">{\"@context\":\"https:\/\/schema.org\",\"@graph\":[{\"@type\":\"WebPage\",\"@id\":\"https:\/\/www.actividadesgijon.com\/reservas\/productos\/paintball-infantil\/\",\"url\":\"https:\/\/www.actividadesgijon.com\/reservas\/productos\/paintball-infantil\/\",\"name\":\"Paintball Infantil en Gij\u00f3n - Reservas Actividades Gij\u00f3n\",\"isPartOf\":{\"@id\":\"https:\/\/www.actividadesgijon.com\/reservas\/#website\"},\"primaryImageOfPage\":{\"@id\":\"https:\/\/www.actividadesgijon.com\/reservas\/productos\/paintball-infantil\/#primaryimage\"},\"image\":{\"@id\":\"https:\/\/www.actividadesgijon.com\/reservas\/productos\/paintball-infantil\/#primaryimage\"},\"thumbnailUrl\":\"https:\/\/www.actividadesgijon.com\/reservas\/wp-content\/uploads\/2021\/05\/reservar-paintball-infantil-en-gijon.jpg\",\"datePublished\":\"2021-05-02T17:36:53+00:00\",\"dateModified\":\"2025-02-17T12:06:16+00:00\",\"description\":\"Paintball para ni\u00f1os en Gij\u00f3n especial para cumplea\u00f1os y celebraciones. Reservas al \u260e 690 173 984 - Reservar Paintball infantil en Gij\u00f3n\",\"breadcrumb\":{\"@id\":\"https:\/\/www.actividadesgijon.com\/reservas\/productos\/paintball-infantil\/#breadcrumb\"},\"inLanguage\":\"es\",\"potentialAction\":[{\"@type\":\"ReadAction\",\"target\":[\"https:\/\/www.actividadesgijon.com\/reservas\/productos\/paintball-infantil\/\"]}]},{\"@type\":\"ImageObject\",\"inLanguage\":\"es\",\"@id\":\"https:\/\/www.actividadesgijon.com\/reservas\/productos\/paintball-infantil\/#primaryimage\",\"url\":\"https:\/\/www.actividadesgijon.com\/reservas\/wp-content\/uploads\/2021\/05\/reservar-paintball-infantil-en-gijon.jpg\",\"contentUrl\":\"https:\/\/www.actividadesgijon.com\/reservas\/wp-content\/uploads\/2021\/05\/reservar-paintball-infantil-en-gijon.jpg\",\"width\":600,\"height\":400,\"caption\":\"reservar paintball infantil en Gij\u00f3n\"},{\"@type\":\"BreadcrumbList\",\"@id\":\"https:\/\/www.actividadesgijon.com\/reservas\/productos\/paintball-infantil\/#breadcrumb\",\"itemListElement\":[{\"@type\":\"ListItem\",\"position\":1,\"name\":\"Portada\",\"item\":\"https:\/\/www.actividadesgijon.com\/reservas\/\"},{\"@type\":\"ListItem\",\"position\":2,\"name\":\"Productos\",\"item\":\"https:\/\/www.actividadesgijon.com\/reservas\/shop\/\"},{\"@type\":\"ListItem\",\"position\":3,\"name\":\"Paintball infantil\"}]},{\"@type\":\"WebSite\",\"@id\":\"https:\/\/www.actividadesgijon.com\/reservas\/#website\",\"url\":\"https:\/\/www.actividadesgijon.com\/reservas\/\",\"name\":\"Reservas Actividades Gij\u00f3n\",\"description\":\"\",\"potentialAction\":[{\"@type\":\"SearchAction\",\"target\":{\"@type\":\"EntryPoint\",\"urlTemplate\":\"https:\/\/www.actividadesgijon.com\/reservas\/?s={search_term_string}\"},\"query-input\":\"required name=search_term_string\"}],\"inLanguage\":\"es\"}]}<\/script>\n<!-- \/ Yoast SEO plugin. -->","yoast_head_json":{"title":"Paintball Infantil en Gij\u00f3n - Reservas Actividades Gij\u00f3n","description":"Paintball para ni\u00f1os en Gij\u00f3n especial para cumplea\u00f1os y celebraciones. Reservas al \u260e 690 173 984 - Reservar Paintball infantil en Gij\u00f3n","robots":{"index":"index","follow":"follow","max-snippet":"max-snippet:-1","max-image-preview":"max-image-preview:large","max-video-preview":"max-video-preview:-1"},"canonical":"https:\/\/www.actividadesgijon.com\/reservas\/productos\/paintball-infantil\/","og_locale":"es_ES","og_type":"article","og_title":"Paintball Infantil en Gij\u00f3n - Reservas Actividades Gij\u00f3n","og_description":"Paintball para ni\u00f1os en Gij\u00f3n especial para cumplea\u00f1os y celebraciones. Reservas al \u260e 690 173 984 - Reservar Paintball infantil en Gij\u00f3n","og_url":"https:\/\/www.actividadesgijon.com\/reservas\/productos\/paintball-infantil\/","og_site_name":"Reservas Actividades Gij\u00f3n","article_modified_time":"2025-02-17T12:06:16+00:00","og_image":[{"width":600,"height":400,"url":"https:\/\/www.actividadesgijon.com\/reservas\/wp-content\/uploads\/2021\/05\/reservar-paintball-infantil-en-gijon.jpg","type":"image\/jpeg"}],"twitter_card":"summary_large_image","twitter_misc":{"Tiempo de lectura":"2 minutos"},"schema":{"@context":"https:\/\/schema.org","@graph":[{"@type":"WebPage","@id":"https:\/\/www.actividadesgijon.com\/reservas\/productos\/paintball-infantil\/","url":"https:\/\/www.actividadesgijon.com\/reservas\/productos\/paintball-infantil\/","name":"Paintball Infantil en Gij\u00f3n - Reservas Actividades Gij\u00f3n","isPartOf":{"@id":"https:\/\/www.actividadesgijon.com\/reservas\/#website"},"primaryImageOfPage":{"@id":"https:\/\/www.actividadesgijon.com\/reservas\/productos\/paintball-infantil\/#primaryimage"},"image":{"@id":"https:\/\/www.actividadesgijon.com\/reservas\/productos\/paintball-infantil\/#primaryimage"},"thumbnailUrl":"https:\/\/www.actividadesgijon.com\/reservas\/wp-content\/uploads\/2021\/05\/reservar-paintball-infantil-en-gijon.jpg","datePublished":"2021-05-02T17:36:53+00:00","dateModified":"2025-02-17T12:06:16+00:00","description":"Paintball para ni\u00f1os en Gij\u00f3n especial para cumplea\u00f1os y celebraciones. Reservas al \u260e 690 173 984 - Reservar Paintball infantil en Gij\u00f3n","breadcrumb":{"@id":"https:\/\/www.actividadesgijon.com\/reservas\/productos\/paintball-infantil\/#breadcrumb"},"inLanguage":"es","potentialAction":[{"@type":"ReadAction","target":["https:\/\/www.actividadesgijon.com\/reservas\/productos\/paintball-infantil\/"]}]},{"@type":"ImageObject","inLanguage":"es","@id":"https:\/\/www.actividadesgijon.com\/reservas\/productos\/paintball-infantil\/#primaryimage","url":"https:\/\/www.actividadesgijon.com\/reservas\/wp-content\/uploads\/2021\/05\/reservar-paintball-infantil-en-gijon.jpg","contentUrl":"https:\/\/www.actividadesgijon.com\/reservas\/wp-content\/uploads\/2021\/05\/reservar-paintball-infantil-en-gijon.jpg","width":600,"height":400,"caption":"reservar paintball infantil en Gij\u00f3n"},{"@type":"BreadcrumbList","@id":"https:\/\/www.actividadesgijon.com\/reservas\/productos\/paintball-infantil\/#breadcrumb","itemListElement":[{"@type":"ListItem","position":1,"name":"Portada","item":"https:\/\/www.actividadesgijon.com\/reservas\/"},{"@type":"ListItem","position":2,"name":"Productos","item":"https:\/\/www.actividadesgijon.com\/reservas\/shop\/"},{"@type":"ListItem","position":3,"name":"Paintball infantil"}]},{"@type":"WebSite","@id":"https:\/\/www.actividadesgijon.com\/reservas\/#website","url":"https:\/\/www.actividadesgijon.com\/reservas\/","name":"Reservas Actividades Gij\u00f3n","description":"","potentialAction":[{"@type":"SearchAction","target":{"@type":"EntryPoint","urlTemplate":"https:\/\/www.actividadesgijon.com\/reservas\/?s={search_term_string}"},"query-input":"required name=search_term_string"}],"inLanguage":"es"}]}},"_links":{"self":[{"href":"https:\/\/www.actividadesgijon.com\/reservas\/wp-json\/wp\/v2\/product\/521"}],"collection":[{"href":"https:\/\/www.actividadesgijon.com\/reservas\/wp-json\/wp\/v2\/product"}],"about":[{"href":"https:\/\/www.actividadesgijon.com\/reservas\/wp-json\/wp\/v2\/types\/product"}],"wp:featuredmedia":[{"embeddable":true,"href":"https:\/\/www.actividadesgijon.com\/reservas\/wp-json\/wp\/v2\/media\/543"}],"wp:attachment":[{"href":"https:\/\/www.actividadesgijon.com\/reservas\/wp-json\/wp\/v2\/media?parent=521"}],"wp:term":[{"taxonomy":"product_cat","embeddable":true,"href":"https:\/\/www.actividadesgijon.com\/reservas\/wp-json\/wp\/v2\/product_cat?post=521"},{"taxonomy":"product_tag","embeddable":true,"href":"https:\/\/www.actividadesgijon.com\/reservas\/wp-json\/wp\/v2\/product_tag?post=521"}],"curies":[{"name":"wp","href":"https:\/\/api.w.org\/{rel}","templated":true}]}}