{"id":321,"date":"2021-05-11T09:57:03","date_gmt":"2021-05-11T09:57:03","guid":{"rendered":"https:\/\/publicidadoviedo.com\/gijontienda\/?post_type=product&#038;p=321"},"modified":"2025-02-17T12:03:15","modified_gmt":"2025-02-17T12:03:15","slug":"futbol-burbuja","status":"publish","type":"product","link":"https:\/\/www.actividadesgijon.com\/reservas\/productos\/futbol-burbuja\/","title":{"rendered":"F\u00fatbol burbuja"},"content":{"rendered":"<h2>F\u00fatbol Burbuja en Gij\u00f3n<\/h2>\n<p>Has probado alguna vez la actividad futbol burbuja en Gij\u00f3n?<\/p>\n<p>El f\u00fatbol ha sido siempre de manera indiscutible el deporte rey en nuestro pa\u00eds. Pero en Actividades Gij\u00f3n le hemos dado una vuelta de tuerca y vamos un paso mas all\u00e1: os presentamos el <strong style=\"color: #cc0000;\">F\u00fatbol Burbuja<\/strong>.<\/p>\n<p>En esta nueva variaci\u00f3n del f\u00fatbol tradicional, echamos por tierra todo lo conocido para imponer una nueva m\u00e1xima: <strong style=\"color: #cc0000;\">\u00a1NO HAY REGLAS!<\/strong><\/p>\n<p>Ya sea con familia, amigos o en tu despedida de soltero o soltera e incluso en tu cumplea\u00f1os disfruta de esta actividad al aire libre. En un campo de c\u00e9sped artificial y porter\u00edas del tama\u00f1o de f\u00fatbol sala juega un partido de f\u00fatbol diferente. Envuelto en una bola gigante te no parar\u00e1s de chocar contra tus rivales, donde las risas est\u00e1n m\u00e1s que aseguradas. Adem\u00e1s, se podr\u00e1 jugar partidos de 3 vs 3, un torneo triangular, todos contra todos o lo que se te ocurra. Cualquier idea es buena para jugar al f\u00fatbol burbuja en Gij\u00f3n.<\/p>\n<p>Disputa unas pachangas con el accesorio m\u00e1s puntero del momento, la burbuja, que cumple con dos funciones fundamentales:<\/p>\n<ol>\n<li>Protecci\u00f3n total con forma esf\u00e9rica.<\/li>\n<li>Hacerle la vida imposible a tus competidores.<\/li>\n<\/ol>\n<p>Entre risas todo es m\u00e1s divertido, pero con burbujas de por medio mucho mejor.<\/p>\n<p>Duraci\u00f3n aproximada de 1 hora de actividad. No esperes m\u00e1s y reserva el f\u00fatbol burbuja en Gij\u00f3n.<\/p>\n","protected":false},"excerpt":{"rendered":"<p>Juega un partido de f\u00fatbol burbuja en Gij\u00f3n durante 1 hora. Precio por persona.<\/p>\n","protected":false},"featured_media":539,"template":"","meta":[],"product_cat":[27],"product_tag":[],"class_list":{"0":"post-321","1":"product","2":"type-product","3":"status-publish","4":"has-post-thumbnail","6":"product_cat-actividades","8":"first","9":"instock","10":"taxable","11":"shipping-taxable","12":"purchasable","13":"product-type-simple"},"yoast_head":"<!-- This site is optimized with the Yoast SEO plugin v23.1 - https:\/\/yoast.com\/wordpress\/plugins\/seo\/ -->\n<title>F\u00fatbol Burbuja en Gij\u00f3n - Reservas Actividades Gij\u00f3n<\/title>\n<meta name=\"description\" content=\"Juega un partido de f\u00fatbol burbuja en Gij\u00f3n. Diferentes modalidades de juego. Reservas al \u260e 690 173 984 - Reservar F\u00fatbol burbuja en Gij\u00f3n\" \/>\n<meta name=\"robots\" content=\"index, follow, max-snippet:-1, max-image-preview:large, max-video-preview:-1\" \/>\n<link rel=\"canonical\" href=\"https:\/\/www.actividadesgijon.com\/reservas\/productos\/futbol-burbuja\/\" \/>\n<meta property=\"og:locale\" content=\"es_ES\" \/>\n<meta property=\"og:type\" content=\"article\" \/>\n<meta property=\"og:title\" content=\"F\u00fatbol Burbuja en Gij\u00f3n - Reservas Actividades Gij\u00f3n\" \/>\n<meta property=\"og:description\" content=\"Juega un partido de f\u00fatbol burbuja en Gij\u00f3n. Diferentes modalidades de juego. Reservas al \u260e 690 173 984 - Reservar F\u00fatbol burbuja en Gij\u00f3n\" \/>\n<meta property=\"og:url\" content=\"https:\/\/www.actividadesgijon.com\/reservas\/productos\/futbol-burbuja\/\" \/>\n<meta property=\"og:site_name\" content=\"Reservas Actividades Gij\u00f3n\" \/>\n<meta property=\"article:modified_time\" content=\"2025-02-17T12:03:15+00:00\" \/>\n<meta property=\"og:image\" content=\"https:\/\/www.actividadesgijon.com\/reservas\/wp-content\/uploads\/2021\/05\/reservar-futbol-burbuja-en-gijon.jpg\" \/>\n\t<meta property=\"og:image:width\" content=\"600\" \/>\n\t<meta property=\"og:image:height\" content=\"400\" \/>\n\t<meta property=\"og:image:type\" content=\"image\/jpeg\" \/>\n<meta name=\"twitter:card\" content=\"summary_large_image\" \/>\n<meta name=\"twitter:label1\" content=\"Tiempo de lectura\" \/>\n\t<meta name=\"twitter:data1\" content=\"2 minutos\" \/>\n<script type=\"application\/ld+json\" class=\"yoast-schema-graph\">{\"@context\":\"https:\/\/schema.org\",\"@graph\":[{\"@type\":\"WebPage\",\"@id\":\"https:\/\/www.actividadesgijon.com\/reservas\/productos\/futbol-burbuja\/\",\"url\":\"https:\/\/www.actividadesgijon.com\/reservas\/productos\/futbol-burbuja\/\",\"name\":\"F\u00fatbol Burbuja en Gij\u00f3n - Reservas Actividades Gij\u00f3n\",\"isPartOf\":{\"@id\":\"https:\/\/www.actividadesgijon.com\/reservas\/#website\"},\"primaryImageOfPage\":{\"@id\":\"https:\/\/www.actividadesgijon.com\/reservas\/productos\/futbol-burbuja\/#primaryimage\"},\"image\":{\"@id\":\"https:\/\/www.actividadesgijon.com\/reservas\/productos\/futbol-burbuja\/#primaryimage\"},\"thumbnailUrl\":\"https:\/\/www.actividadesgijon.com\/reservas\/wp-content\/uploads\/2021\/05\/reservar-futbol-burbuja-en-gijon.jpg\",\"datePublished\":\"2021-05-11T09:57:03+00:00\",\"dateModified\":\"2025-02-17T12:03:15+00:00\",\"description\":\"Juega un partido de f\u00fatbol burbuja en Gij\u00f3n. Diferentes modalidades de juego. Reservas al \u260e 690 173 984 - Reservar F\u00fatbol burbuja en Gij\u00f3n\",\"breadcrumb\":{\"@id\":\"https:\/\/www.actividadesgijon.com\/reservas\/productos\/futbol-burbuja\/#breadcrumb\"},\"inLanguage\":\"es\",\"potentialAction\":[{\"@type\":\"ReadAction\",\"target\":[\"https:\/\/www.actividadesgijon.com\/reservas\/productos\/futbol-burbuja\/\"]}]},{\"@type\":\"ImageObject\",\"inLanguage\":\"es\",\"@id\":\"https:\/\/www.actividadesgijon.com\/reservas\/productos\/futbol-burbuja\/#primaryimage\",\"url\":\"https:\/\/www.actividadesgijon.com\/reservas\/wp-content\/uploads\/2021\/05\/reservar-futbol-burbuja-en-gijon.jpg\",\"contentUrl\":\"https:\/\/www.actividadesgijon.com\/reservas\/wp-content\/uploads\/2021\/05\/reservar-futbol-burbuja-en-gijon.jpg\",\"width\":600,\"height\":400,\"caption\":\"reservar f\u00fatbol burbuja en Gij\u00f3n\"},{\"@type\":\"BreadcrumbList\",\"@id\":\"https:\/\/www.actividadesgijon.com\/reservas\/productos\/futbol-burbuja\/#breadcrumb\",\"itemListElement\":[{\"@type\":\"ListItem\",\"position\":1,\"name\":\"Portada\",\"item\":\"https:\/\/www.actividadesgijon.com\/reservas\/\"},{\"@type\":\"ListItem\",\"position\":2,\"name\":\"Productos\",\"item\":\"https:\/\/www.actividadesgijon.com\/reservas\/shop\/\"},{\"@type\":\"ListItem\",\"position\":3,\"name\":\"F\u00fatbol burbuja\"}]},{\"@type\":\"WebSite\",\"@id\":\"https:\/\/www.actividadesgijon.com\/reservas\/#website\",\"url\":\"https:\/\/www.actividadesgijon.com\/reservas\/\",\"name\":\"Reservas Actividades Gij\u00f3n\",\"description\":\"\",\"potentialAction\":[{\"@type\":\"SearchAction\",\"target\":{\"@type\":\"EntryPoint\",\"urlTemplate\":\"https:\/\/www.actividadesgijon.com\/reservas\/?s={search_term_string}\"},\"query-input\":\"required name=search_term_string\"}],\"inLanguage\":\"es\"}]}<\/script>\n<!-- \/ Yoast SEO plugin. -->","yoast_head_json":{"title":"F\u00fatbol Burbuja en Gij\u00f3n - Reservas Actividades Gij\u00f3n","description":"Juega un partido de f\u00fatbol burbuja en Gij\u00f3n. Diferentes modalidades de juego. Reservas al \u260e 690 173 984 - Reservar F\u00fatbol burbuja en Gij\u00f3n","robots":{"index":"index","follow":"follow","max-snippet":"max-snippet:-1","max-image-preview":"max-image-preview:large","max-video-preview":"max-video-preview:-1"},"canonical":"https:\/\/www.actividadesgijon.com\/reservas\/productos\/futbol-burbuja\/","og_locale":"es_ES","og_type":"article","og_title":"F\u00fatbol Burbuja en Gij\u00f3n - Reservas Actividades Gij\u00f3n","og_description":"Juega un partido de f\u00fatbol burbuja en Gij\u00f3n. Diferentes modalidades de juego. Reservas al \u260e 690 173 984 - Reservar F\u00fatbol burbuja en Gij\u00f3n","og_url":"https:\/\/www.actividadesgijon.com\/reservas\/productos\/futbol-burbuja\/","og_site_name":"Reservas Actividades Gij\u00f3n","article_modified_time":"2025-02-17T12:03:15+00:00","og_image":[{"width":600,"height":400,"url":"https:\/\/www.actividadesgijon.com\/reservas\/wp-content\/uploads\/2021\/05\/reservar-futbol-burbuja-en-gijon.jpg","type":"image\/jpeg"}],"twitter_card":"summary_large_image","twitter_misc":{"Tiempo de lectura":"2 minutos"},"schema":{"@context":"https:\/\/schema.org","@graph":[{"@type":"WebPage","@id":"https:\/\/www.actividadesgijon.com\/reservas\/productos\/futbol-burbuja\/","url":"https:\/\/www.actividadesgijon.com\/reservas\/productos\/futbol-burbuja\/","name":"F\u00fatbol Burbuja en Gij\u00f3n - Reservas Actividades Gij\u00f3n","isPartOf":{"@id":"https:\/\/www.actividadesgijon.com\/reservas\/#website"},"primaryImageOfPage":{"@id":"https:\/\/www.actividadesgijon.com\/reservas\/productos\/futbol-burbuja\/#primaryimage"},"image":{"@id":"https:\/\/www.actividadesgijon.com\/reservas\/productos\/futbol-burbuja\/#primaryimage"},"thumbnailUrl":"https:\/\/www.actividadesgijon.com\/reservas\/wp-content\/uploads\/2021\/05\/reservar-futbol-burbuja-en-gijon.jpg","datePublished":"2021-05-11T09:57:03+00:00","dateModified":"2025-02-17T12:03:15+00:00","description":"Juega un partido de f\u00fatbol burbuja en Gij\u00f3n. Diferentes modalidades de juego. Reservas al \u260e 690 173 984 - Reservar F\u00fatbol burbuja en Gij\u00f3n","breadcrumb":{"@id":"https:\/\/www.actividadesgijon.com\/reservas\/productos\/futbol-burbuja\/#breadcrumb"},"inLanguage":"es","potentialAction":[{"@type":"ReadAction","target":["https:\/\/www.actividadesgijon.com\/reservas\/productos\/futbol-burbuja\/"]}]},{"@type":"ImageObject","inLanguage":"es","@id":"https:\/\/www.actividadesgijon.com\/reservas\/productos\/futbol-burbuja\/#primaryimage","url":"https:\/\/www.actividadesgijon.com\/reservas\/wp-content\/uploads\/2021\/05\/reservar-futbol-burbuja-en-gijon.jpg","contentUrl":"https:\/\/www.actividadesgijon.com\/reservas\/wp-content\/uploads\/2021\/05\/reservar-futbol-burbuja-en-gijon.jpg","width":600,"height":400,"caption":"reservar f\u00fatbol burbuja en Gij\u00f3n"},{"@type":"BreadcrumbList","@id":"https:\/\/www.actividadesgijon.com\/reservas\/productos\/futbol-burbuja\/#breadcrumb","itemListElement":[{"@type":"ListItem","position":1,"name":"Portada","item":"https:\/\/www.actividadesgijon.com\/reservas\/"},{"@type":"ListItem","position":2,"name":"Productos","item":"https:\/\/www.actividadesgijon.com\/reservas\/shop\/"},{"@type":"ListItem","position":3,"name":"F\u00fatbol burbuja"}]},{"@type":"WebSite","@id":"https:\/\/www.actividadesgijon.com\/reservas\/#website","url":"https:\/\/www.actividadesgijon.com\/reservas\/","name":"Reservas Actividades Gij\u00f3n","description":"","potentialAction":[{"@type":"SearchAction","target":{"@type":"EntryPoint","urlTemplate":"https:\/\/www.actividadesgijon.com\/reservas\/?s={search_term_string}"},"query-input":"required name=search_term_string"}],"inLanguage":"es"}]}},"_links":{"self":[{"href":"https:\/\/www.actividadesgijon.com\/reservas\/wp-json\/wp\/v2\/product\/321"}],"collection":[{"href":"https:\/\/www.actividadesgijon.com\/reservas\/wp-json\/wp\/v2\/product"}],"about":[{"href":"https:\/\/www.actividadesgijon.com\/reservas\/wp-json\/wp\/v2\/types\/product"}],"wp:featuredmedia":[{"embeddable":true,"href":"https:\/\/www.actividadesgijon.com\/reservas\/wp-json\/wp\/v2\/media\/539"}],"wp:attachment":[{"href":"https:\/\/www.actividadesgijon.com\/reservas\/wp-json\/wp\/v2\/media?parent=321"}],"wp:term":[{"taxonomy":"product_cat","embeddable":true,"href":"https:\/\/www.actividadesgijon.com\/reservas\/wp-json\/wp\/v2\/product_cat?post=321"},{"taxonomy":"product_tag","embeddable":true,"href":"https:\/\/www.actividadesgijon.com\/reservas\/wp-json\/wp\/v2\/product_tag?post=321"}],"curies":[{"name":"wp","href":"https:\/\/api.w.org\/{rel}","templated":true}]}}