{"id":320,"date":"2021-05-07T09:56:48","date_gmt":"2021-05-07T09:56:48","guid":{"rendered":"https:\/\/publicidadoviedo.com\/gijontienda\/?post_type=product&#038;p=320"},"modified":"2025-02-17T12:22:50","modified_gmt":"2025-02-17T12:22:50","slug":"paddle-surf-1-hora","status":"publish","type":"product","link":"https:\/\/www.actividadesgijon.com\/reservas\/productos\/paddle-surf-1-hora\/","title":{"rendered":"Paddle Surf 1 hora"},"content":{"rendered":"<h2>Alquiler de Paddle Surf en Gij\u00f3n<\/h2>\n<p>Alquila una tabla de paddle surf durante 1 hora en la playa de Poniente. Situados en lugar inmejorable, justo delante de la playa de Poniente de Gij\u00f3n, no tendr\u00e1s m\u00e1s que venir a nuestro stand y a escasos metros pisar la arena para comenzar a remar. Disfruta del verano con Actividades Gij\u00f3n.<\/p>\n<p>El Paddle surf es la actividad acu\u00e1tica con mayor crecimiento a d\u00eda de hoy. Con nosotros, podr\u00e1s disfrutar de un maravilloso paso por la costa de Gij\u00f3n. Adem\u00e1s, Gij\u00f3n goza de un entorno \u00fanico para disfrutar de accidentes geogr\u00e1ficos como playas, calas, r\u00edos, r\u00edas y lagos de alta monta\u00f1a.<\/p>\n<p>Desde las calmadas aguas de las calas y las playas, hasta hacer espeleo-paddle, pasando por el surf a remo en la mar, tu decides qu\u00e9 hacer. Nosotros de damos todas las facilidades y todo el equipo necesario para disfrutar de esa actividad.<\/p>\n<p>Por supuesto, es un plan ideal para pasar un d\u00eda de verano entre risas y disfrutando del mar en Gij\u00f3n.\u00a0Recuerda que podr\u00e1s alquilar tabla de paddle surf\u00a0 y salir a remar s\u00f3lo, con amigos, pareja o en familia. Pero lo m\u00e1s importante es que har\u00e1s una actividad deportiva, te sentir\u00e1s m\u00e1s\u00a0<strong>saludable<\/strong>,\u00a0<strong>contrarrestar\u00e1s el estr\u00e9s<\/strong>,\u00a0<strong>disfrutar\u00e1s del mar<\/strong>, el agua y tendr\u00e1s otra perspectiva de la costa de Gij\u00f3n en cada traves\u00eda.<\/p>\n<p>As\u00ed que no te cortes y descubre los <strong>beneficios<\/strong> de una actividad, que por su facilidad de aprendizaje es apta para todos los p\u00fablicos desde el primer minuto. Adem\u00e1s, disponemos de tabla\u00a0<strong>paddle Surf XXL<\/strong>\u00a0o\u00a0<strong>Big SUP<\/strong> para un m\u00e1ximo de 10 personas y de 10 tablas individuales.<\/p>\n<h3 style=\"color: #cc0000;\"><strong>\u00bfQu\u00e9 incluye Paddle en Gij\u00f3n?<\/strong><\/h3>\n<ul>\n<li>Traje de neopreno si fuese necesario.<\/li>\n<li>Tabla Paddle Surf, Remo, chaleco y neopreno.<\/li>\n<li>Se realiza en la playa de Poniente, justo al lado del puerto deportivo de Gij\u00f3n.<\/li>\n<li>Obligatorio saber nadar.<\/li>\n<li>Dispone de servicio de cafeter\u00eda pr\u00f3ximo.<\/li>\n<li>Actividad totalmente homologada.<\/li>\n<li>Elige el tiempo quieras disfrutar de la actividad (1 hora, 2 horas, 3 horas, 4 horas).<\/li>\n<\/ul>\n<p>Cualquiera que se suba sobre una tabla de Paddle Surf est\u00e1 expuesto a caerse en el agua, por ello es importante que las personas sepan nadar. En caso contrario ser\u00e1 necesario el uso de un chaleco, accesorio de SUP ideal para los ni\u00f1os peque\u00f1os.<\/p>\n","protected":false},"excerpt":{"rendered":"<p>Alquila una tabla de paddle surf durante una hora. Disponemos de 10 unidades. Precio por persona.<\/p>\n","protected":false},"featured_media":546,"template":"","meta":[],"product_cat":[27],"product_tag":[],"class_list":{"0":"post-320","1":"product","2":"type-product","3":"status-publish","4":"has-post-thumbnail","6":"product_cat-actividades","8":"first","9":"instock","10":"sale","11":"taxable","12":"shipping-taxable","13":"purchasable","14":"product-type-simple"},"yoast_head":"<!-- This site is optimized with the Yoast SEO plugin v23.1 - https:\/\/yoast.com\/wordpress\/plugins\/seo\/ -->\n<title>Paddle Surf 1 hora en Gij\u00f3n - Reservas Actividades Gij\u00f3n<\/title>\n<meta name=\"description\" content=\"Alquila una tabla de paddle surf con Actividades Gij\u00f3n. Disponemos de 10 unidades. Reservas al \u260e 690 173 984 - Paddle surf 1 hora en Gij\u00f3n\" \/>\n<meta name=\"robots\" content=\"index, follow, max-snippet:-1, max-image-preview:large, max-video-preview:-1\" \/>\n<link rel=\"canonical\" href=\"https:\/\/www.actividadesgijon.com\/reservas\/productos\/paddle-surf-1-hora\/\" \/>\n<meta property=\"og:locale\" content=\"es_ES\" \/>\n<meta property=\"og:type\" content=\"article\" \/>\n<meta property=\"og:title\" content=\"Paddle Surf 1 hora en Gij\u00f3n - Reservas Actividades Gij\u00f3n\" \/>\n<meta property=\"og:description\" content=\"Alquila una tabla de paddle surf con Actividades Gij\u00f3n. Disponemos de 10 unidades. Reservas al \u260e 690 173 984 - Paddle surf 1 hora en Gij\u00f3n\" \/>\n<meta property=\"og:url\" content=\"https:\/\/www.actividadesgijon.com\/reservas\/productos\/paddle-surf-1-hora\/\" \/>\n<meta property=\"og:site_name\" content=\"Reservas Actividades Gij\u00f3n\" \/>\n<meta property=\"article:modified_time\" content=\"2025-02-17T12:22:50+00:00\" \/>\n<meta property=\"og:image\" content=\"https:\/\/www.actividadesgijon.com\/reservas\/wp-content\/uploads\/2021\/05\/reservar-paddle-surf-en-gijon-1-hora.jpg\" \/>\n\t<meta property=\"og:image:width\" content=\"600\" \/>\n\t<meta property=\"og:image:height\" content=\"400\" \/>\n\t<meta property=\"og:image:type\" content=\"image\/jpeg\" \/>\n<meta name=\"twitter:card\" content=\"summary_large_image\" \/>\n<meta name=\"twitter:label1\" content=\"Tiempo de lectura\" \/>\n\t<meta name=\"twitter:data1\" content=\"2 minutos\" \/>\n<script type=\"application\/ld+json\" class=\"yoast-schema-graph\">{\"@context\":\"https:\/\/schema.org\",\"@graph\":[{\"@type\":\"WebPage\",\"@id\":\"https:\/\/www.actividadesgijon.com\/reservas\/productos\/paddle-surf-1-hora\/\",\"url\":\"https:\/\/www.actividadesgijon.com\/reservas\/productos\/paddle-surf-1-hora\/\",\"name\":\"Paddle Surf 1 hora en Gij\u00f3n - Reservas Actividades Gij\u00f3n\",\"isPartOf\":{\"@id\":\"https:\/\/www.actividadesgijon.com\/reservas\/#website\"},\"primaryImageOfPage\":{\"@id\":\"https:\/\/www.actividadesgijon.com\/reservas\/productos\/paddle-surf-1-hora\/#primaryimage\"},\"image\":{\"@id\":\"https:\/\/www.actividadesgijon.com\/reservas\/productos\/paddle-surf-1-hora\/#primaryimage\"},\"thumbnailUrl\":\"https:\/\/www.actividadesgijon.com\/reservas\/wp-content\/uploads\/2021\/05\/reservar-paddle-surf-en-gijon-1-hora.jpg\",\"datePublished\":\"2021-05-07T09:56:48+00:00\",\"dateModified\":\"2025-02-17T12:22:50+00:00\",\"description\":\"Alquila una tabla de paddle surf con Actividades Gij\u00f3n. Disponemos de 10 unidades. Reservas al \u260e 690 173 984 - Paddle surf 1 hora en Gij\u00f3n\",\"breadcrumb\":{\"@id\":\"https:\/\/www.actividadesgijon.com\/reservas\/productos\/paddle-surf-1-hora\/#breadcrumb\"},\"inLanguage\":\"es\",\"potentialAction\":[{\"@type\":\"ReadAction\",\"target\":[\"https:\/\/www.actividadesgijon.com\/reservas\/productos\/paddle-surf-1-hora\/\"]}]},{\"@type\":\"ImageObject\",\"inLanguage\":\"es\",\"@id\":\"https:\/\/www.actividadesgijon.com\/reservas\/productos\/paddle-surf-1-hora\/#primaryimage\",\"url\":\"https:\/\/www.actividadesgijon.com\/reservas\/wp-content\/uploads\/2021\/05\/reservar-paddle-surf-en-gijon-1-hora.jpg\",\"contentUrl\":\"https:\/\/www.actividadesgijon.com\/reservas\/wp-content\/uploads\/2021\/05\/reservar-paddle-surf-en-gijon-1-hora.jpg\",\"width\":600,\"height\":400,\"caption\":\"reservar paddle surf en Gij\u00f3n 1 hora\"},{\"@type\":\"BreadcrumbList\",\"@id\":\"https:\/\/www.actividadesgijon.com\/reservas\/productos\/paddle-surf-1-hora\/#breadcrumb\",\"itemListElement\":[{\"@type\":\"ListItem\",\"position\":1,\"name\":\"Portada\",\"item\":\"https:\/\/www.actividadesgijon.com\/reservas\/\"},{\"@type\":\"ListItem\",\"position\":2,\"name\":\"Productos\",\"item\":\"https:\/\/www.actividadesgijon.com\/reservas\/shop\/\"},{\"@type\":\"ListItem\",\"position\":3,\"name\":\"Paddle Surf 1 hora\"}]},{\"@type\":\"WebSite\",\"@id\":\"https:\/\/www.actividadesgijon.com\/reservas\/#website\",\"url\":\"https:\/\/www.actividadesgijon.com\/reservas\/\",\"name\":\"Reservas Actividades Gij\u00f3n\",\"description\":\"\",\"potentialAction\":[{\"@type\":\"SearchAction\",\"target\":{\"@type\":\"EntryPoint\",\"urlTemplate\":\"https:\/\/www.actividadesgijon.com\/reservas\/?s={search_term_string}\"},\"query-input\":\"required name=search_term_string\"}],\"inLanguage\":\"es\"}]}<\/script>\n<!-- \/ Yoast SEO plugin. -->","yoast_head_json":{"title":"Paddle Surf 1 hora en Gij\u00f3n - Reservas Actividades Gij\u00f3n","description":"Alquila una tabla de paddle surf con Actividades Gij\u00f3n. Disponemos de 10 unidades. Reservas al \u260e 690 173 984 - Paddle surf 1 hora en Gij\u00f3n","robots":{"index":"index","follow":"follow","max-snippet":"max-snippet:-1","max-image-preview":"max-image-preview:large","max-video-preview":"max-video-preview:-1"},"canonical":"https:\/\/www.actividadesgijon.com\/reservas\/productos\/paddle-surf-1-hora\/","og_locale":"es_ES","og_type":"article","og_title":"Paddle Surf 1 hora en Gij\u00f3n - Reservas Actividades Gij\u00f3n","og_description":"Alquila una tabla de paddle surf con Actividades Gij\u00f3n. Disponemos de 10 unidades. Reservas al \u260e 690 173 984 - Paddle surf 1 hora en Gij\u00f3n","og_url":"https:\/\/www.actividadesgijon.com\/reservas\/productos\/paddle-surf-1-hora\/","og_site_name":"Reservas Actividades Gij\u00f3n","article_modified_time":"2025-02-17T12:22:50+00:00","og_image":[{"width":600,"height":400,"url":"https:\/\/www.actividadesgijon.com\/reservas\/wp-content\/uploads\/2021\/05\/reservar-paddle-surf-en-gijon-1-hora.jpg","type":"image\/jpeg"}],"twitter_card":"summary_large_image","twitter_misc":{"Tiempo de lectura":"2 minutos"},"schema":{"@context":"https:\/\/schema.org","@graph":[{"@type":"WebPage","@id":"https:\/\/www.actividadesgijon.com\/reservas\/productos\/paddle-surf-1-hora\/","url":"https:\/\/www.actividadesgijon.com\/reservas\/productos\/paddle-surf-1-hora\/","name":"Paddle Surf 1 hora en Gij\u00f3n - Reservas Actividades Gij\u00f3n","isPartOf":{"@id":"https:\/\/www.actividadesgijon.com\/reservas\/#website"},"primaryImageOfPage":{"@id":"https:\/\/www.actividadesgijon.com\/reservas\/productos\/paddle-surf-1-hora\/#primaryimage"},"image":{"@id":"https:\/\/www.actividadesgijon.com\/reservas\/productos\/paddle-surf-1-hora\/#primaryimage"},"thumbnailUrl":"https:\/\/www.actividadesgijon.com\/reservas\/wp-content\/uploads\/2021\/05\/reservar-paddle-surf-en-gijon-1-hora.jpg","datePublished":"2021-05-07T09:56:48+00:00","dateModified":"2025-02-17T12:22:50+00:00","description":"Alquila una tabla de paddle surf con Actividades Gij\u00f3n. Disponemos de 10 unidades. Reservas al \u260e 690 173 984 - Paddle surf 1 hora en Gij\u00f3n","breadcrumb":{"@id":"https:\/\/www.actividadesgijon.com\/reservas\/productos\/paddle-surf-1-hora\/#breadcrumb"},"inLanguage":"es","potentialAction":[{"@type":"ReadAction","target":["https:\/\/www.actividadesgijon.com\/reservas\/productos\/paddle-surf-1-hora\/"]}]},{"@type":"ImageObject","inLanguage":"es","@id":"https:\/\/www.actividadesgijon.com\/reservas\/productos\/paddle-surf-1-hora\/#primaryimage","url":"https:\/\/www.actividadesgijon.com\/reservas\/wp-content\/uploads\/2021\/05\/reservar-paddle-surf-en-gijon-1-hora.jpg","contentUrl":"https:\/\/www.actividadesgijon.com\/reservas\/wp-content\/uploads\/2021\/05\/reservar-paddle-surf-en-gijon-1-hora.jpg","width":600,"height":400,"caption":"reservar paddle surf en Gij\u00f3n 1 hora"},{"@type":"BreadcrumbList","@id":"https:\/\/www.actividadesgijon.com\/reservas\/productos\/paddle-surf-1-hora\/#breadcrumb","itemListElement":[{"@type":"ListItem","position":1,"name":"Portada","item":"https:\/\/www.actividadesgijon.com\/reservas\/"},{"@type":"ListItem","position":2,"name":"Productos","item":"https:\/\/www.actividadesgijon.com\/reservas\/shop\/"},{"@type":"ListItem","position":3,"name":"Paddle Surf 1 hora"}]},{"@type":"WebSite","@id":"https:\/\/www.actividadesgijon.com\/reservas\/#website","url":"https:\/\/www.actividadesgijon.com\/reservas\/","name":"Reservas Actividades Gij\u00f3n","description":"","potentialAction":[{"@type":"SearchAction","target":{"@type":"EntryPoint","urlTemplate":"https:\/\/www.actividadesgijon.com\/reservas\/?s={search_term_string}"},"query-input":"required name=search_term_string"}],"inLanguage":"es"}]}},"_links":{"self":[{"href":"https:\/\/www.actividadesgijon.com\/reservas\/wp-json\/wp\/v2\/product\/320"}],"collection":[{"href":"https:\/\/www.actividadesgijon.com\/reservas\/wp-json\/wp\/v2\/product"}],"about":[{"href":"https:\/\/www.actividadesgijon.com\/reservas\/wp-json\/wp\/v2\/types\/product"}],"wp:featuredmedia":[{"embeddable":true,"href":"https:\/\/www.actividadesgijon.com\/reservas\/wp-json\/wp\/v2\/media\/546"}],"wp:attachment":[{"href":"https:\/\/www.actividadesgijon.com\/reservas\/wp-json\/wp\/v2\/media?parent=320"}],"wp:term":[{"taxonomy":"product_cat","embeddable":true,"href":"https:\/\/www.actividadesgijon.com\/reservas\/wp-json\/wp\/v2\/product_cat?post=320"},{"taxonomy":"product_tag","embeddable":true,"href":"https:\/\/www.actividadesgijon.com\/reservas\/wp-json\/wp\/v2\/product_tag?post=320"}],"curies":[{"name":"wp","href":"https:\/\/api.w.org\/{rel}","templated":true}]}}