{"id":319,"date":"2021-05-07T09:56:36","date_gmt":"2021-05-07T09:56:36","guid":{"rendered":"https:\/\/publicidadoviedo.com\/gijontienda\/?post_type=product&#038;p=319"},"modified":"2025-02-17T12:34:30","modified_gmt":"2025-02-17T12:34:30","slug":"motos-de-agua","status":"publish","type":"product","link":"https:\/\/www.actividadesgijon.com\/reservas\/productos\/motos-de-agua\/","title":{"rendered":"Motos de Agua 30 minutos"},"content":{"rendered":"<h2>Alquiler Motos de Agua en Gij\u00f3n 30 minutos<\/h2>\n<p>En mejor servicio de alquiler de motos de agua en la Playa de Poniente y en pleno puerto deportivo de Gij\u00f3n. Disfruta de una ruta en moto de agua durante 30 minutos para una o dos personas por la salvaje costa asturiana. Descubre el mar Cant\u00e1brico en moto acu\u00e1tica y prep\u00e1rate para descargar toda la adrenalina. Una ruta \u00fanica hasta la <strong>playa de la \u00d1ora, isla tortuga e islas gemelas.<\/strong><\/p>\n<p>Conduce una de nuestras motos de agua, las mejores de Gij\u00f3n y \u00faltimo modelo. Ven a gozar de la sensaci\u00f3n de velocidad sobre las aguas del mar Cant\u00e1brico en una clase impartida por nuestro personal experto. Disfrutar\u00e1s como nunca observando el Elogio del horizonte desde el mar.<\/p>\n<p>Disponible para 1 y 2 personas por moto. Aprovecha esta oportunidad \u00fanica para descubrir la costa de Gij\u00f3n como nunca antes la hab\u00edas visto, y adem\u00e1s, disfruta de la experiencia de darte un chapuz\u00f3n en altamar.<\/p>\n<h3 style=\"color: #cc0000;\"><strong>\u00bfQu\u00e9 incluye el alquiler de motos de agua en Gij\u00f3n?<\/strong><\/h3>\n<ul>\n<li>Ruta en moto de agua 30 minutos.<\/li>\n<li>De 1 a 2 personas por moto.<\/li>\n<li>Excursi\u00f3n en moto acu\u00e1tica con monitor.<\/li>\n<li>Veh\u00edculo Seadoo Bombardier GTI PRO 130cv.<\/li>\n<li>Ba\u00f1o en altamar.<\/li>\n<li>Intercambio de piloto en mitad de la ruta.<\/li>\n<li>No es necesaria titulaci\u00f3n.<\/li>\n<li>Disponemos de vestuarios y duchas.<\/li>\n<\/ul>\n<h3 style=\"color: #cc0000;\"><strong>Equipamiento<\/strong><\/h3>\n<ul>\n<li>Briefing de seguridad.<\/li>\n<li>Chaleco salvavidas obligatorio.<\/li>\n<li>Neopreno si fuese necesario.<\/li>\n<\/ul>\n<h3><span style=\"color: #cc0000;\"><strong>A tener en cuenta<\/strong><\/span><\/h3>\n<ul>\n<li>Por supuesto, las distancias recorridas dependen mucho de la velocidad del grupo y del estado de la mar.<\/li>\n<li>Las salidas y actividades se realizaran a las horas en punto.<\/li>\n<li>Deberemos estar en las instalaciones con 30 minutos de antelaci\u00f3n para prepararnos y salir puntuales.<\/li>\n<\/ul>\n<p>Disfruta al m\u00e1ximo de un d\u00eda de playa con nuestras aventuras acu\u00e1ticas, como una excursi\u00f3n en moto de agua con ba\u00f1o en altamar por las costas de Gij\u00f3n. Nuestras actividades siempre est\u00e1n supervisadas por monitores para que vivas las experiencias m\u00e1s emocionantes en las m\u00e1quinas m\u00e1s potentes. Todas nuestras motos de agua son \u00faltimo modelo.<\/p>\n","protected":false},"excerpt":{"rendered":"<p>Alquila una moto de agua en Gij\u00f3n durante 30 minutos para una o dos personas en la misma moto.<\/p>\n","protected":false},"featured_media":547,"template":"","meta":[],"product_cat":[27],"product_tag":[],"class_list":{"0":"post-319","1":"product","2":"type-product","3":"status-publish","4":"has-post-thumbnail","6":"product_cat-actividades","8":"first","9":"instock","10":"sale","11":"taxable","12":"shipping-taxable","13":"purchasable","14":"product-type-simple"},"yoast_head":"<!-- This site is optimized with the Yoast SEO plugin v23.1 - https:\/\/yoast.com\/wordpress\/plugins\/seo\/ -->\n<title>Motos de Agua en Gij\u00f3n 30 minutos - Reservas Actividades Gij\u00f3n<\/title>\n<meta name=\"description\" content=\"Alquila una moto de agua en Gij\u00f3n y descarga toda la adrenalina con Actividades Gij\u00f3n. Reservas al \u260e 690 17 39 84 - Motos de agua en Gij\u00f3n 30 minutos\" \/>\n<meta name=\"robots\" content=\"index, follow, max-snippet:-1, max-image-preview:large, max-video-preview:-1\" \/>\n<link rel=\"canonical\" href=\"https:\/\/www.actividadesgijon.com\/reservas\/productos\/motos-de-agua\/\" \/>\n<meta property=\"og:locale\" content=\"es_ES\" \/>\n<meta property=\"og:type\" content=\"article\" \/>\n<meta property=\"og:title\" content=\"Motos de Agua en Gij\u00f3n 30 minutos - Reservas Actividades Gij\u00f3n\" \/>\n<meta property=\"og:description\" content=\"Alquila una moto de agua en Gij\u00f3n y descarga toda la adrenalina con Actividades Gij\u00f3n. Reservas al \u260e 690 17 39 84 - Motos de agua en Gij\u00f3n 30 minutos\" \/>\n<meta property=\"og:url\" content=\"https:\/\/www.actividadesgijon.com\/reservas\/productos\/motos-de-agua\/\" \/>\n<meta property=\"og:site_name\" content=\"Reservas Actividades Gij\u00f3n\" \/>\n<meta property=\"article:modified_time\" content=\"2025-02-17T12:34:30+00:00\" \/>\n<meta property=\"og:image\" content=\"https:\/\/www.actividadesgijon.com\/reservas\/wp-content\/uploads\/2021\/05\/reservar-motos-de-agua-en-gijon-30-minutos.jpg\" \/>\n\t<meta property=\"og:image:width\" content=\"600\" \/>\n\t<meta property=\"og:image:height\" content=\"400\" \/>\n\t<meta property=\"og:image:type\" content=\"image\/jpeg\" \/>\n<meta name=\"twitter:card\" content=\"summary_large_image\" \/>\n<meta name=\"twitter:label1\" content=\"Tiempo de lectura\" \/>\n\t<meta name=\"twitter:data1\" content=\"2 minutos\" \/>\n<script type=\"application\/ld+json\" class=\"yoast-schema-graph\">{\"@context\":\"https:\/\/schema.org\",\"@graph\":[{\"@type\":\"WebPage\",\"@id\":\"https:\/\/www.actividadesgijon.com\/reservas\/productos\/motos-de-agua\/\",\"url\":\"https:\/\/www.actividadesgijon.com\/reservas\/productos\/motos-de-agua\/\",\"name\":\"Motos de Agua en Gij\u00f3n 30 minutos - Reservas Actividades Gij\u00f3n\",\"isPartOf\":{\"@id\":\"https:\/\/www.actividadesgijon.com\/reservas\/#website\"},\"primaryImageOfPage\":{\"@id\":\"https:\/\/www.actividadesgijon.com\/reservas\/productos\/motos-de-agua\/#primaryimage\"},\"image\":{\"@id\":\"https:\/\/www.actividadesgijon.com\/reservas\/productos\/motos-de-agua\/#primaryimage\"},\"thumbnailUrl\":\"https:\/\/www.actividadesgijon.com\/reservas\/wp-content\/uploads\/2021\/05\/reservar-motos-de-agua-en-gijon-30-minutos.jpg\",\"datePublished\":\"2021-05-07T09:56:36+00:00\",\"dateModified\":\"2025-02-17T12:34:30+00:00\",\"description\":\"Alquila una moto de agua en Gij\u00f3n y descarga toda la adrenalina con Actividades Gij\u00f3n. Reservas al \u260e 690 17 39 84 - Motos de agua en Gij\u00f3n 30 minutos\",\"breadcrumb\":{\"@id\":\"https:\/\/www.actividadesgijon.com\/reservas\/productos\/motos-de-agua\/#breadcrumb\"},\"inLanguage\":\"es\",\"potentialAction\":[{\"@type\":\"ReadAction\",\"target\":[\"https:\/\/www.actividadesgijon.com\/reservas\/productos\/motos-de-agua\/\"]}]},{\"@type\":\"ImageObject\",\"inLanguage\":\"es\",\"@id\":\"https:\/\/www.actividadesgijon.com\/reservas\/productos\/motos-de-agua\/#primaryimage\",\"url\":\"https:\/\/www.actividadesgijon.com\/reservas\/wp-content\/uploads\/2021\/05\/reservar-motos-de-agua-en-gijon-30-minutos.jpg\",\"contentUrl\":\"https:\/\/www.actividadesgijon.com\/reservas\/wp-content\/uploads\/2021\/05\/reservar-motos-de-agua-en-gijon-30-minutos.jpg\",\"width\":600,\"height\":400,\"caption\":\"reservar motos de agua en Gij\u00f3n 30 minutos\"},{\"@type\":\"BreadcrumbList\",\"@id\":\"https:\/\/www.actividadesgijon.com\/reservas\/productos\/motos-de-agua\/#breadcrumb\",\"itemListElement\":[{\"@type\":\"ListItem\",\"position\":1,\"name\":\"Portada\",\"item\":\"https:\/\/www.actividadesgijon.com\/reservas\/\"},{\"@type\":\"ListItem\",\"position\":2,\"name\":\"Productos\",\"item\":\"https:\/\/www.actividadesgijon.com\/reservas\/shop\/\"},{\"@type\":\"ListItem\",\"position\":3,\"name\":\"Motos de Agua 30 minutos\"}]},{\"@type\":\"WebSite\",\"@id\":\"https:\/\/www.actividadesgijon.com\/reservas\/#website\",\"url\":\"https:\/\/www.actividadesgijon.com\/reservas\/\",\"name\":\"Reservas Actividades Gij\u00f3n\",\"description\":\"\",\"potentialAction\":[{\"@type\":\"SearchAction\",\"target\":{\"@type\":\"EntryPoint\",\"urlTemplate\":\"https:\/\/www.actividadesgijon.com\/reservas\/?s={search_term_string}\"},\"query-input\":\"required name=search_term_string\"}],\"inLanguage\":\"es\"}]}<\/script>\n<!-- \/ Yoast SEO plugin. -->","yoast_head_json":{"title":"Motos de Agua en Gij\u00f3n 30 minutos - Reservas Actividades Gij\u00f3n","description":"Alquila una moto de agua en Gij\u00f3n y descarga toda la adrenalina con Actividades Gij\u00f3n. Reservas al \u260e 690 17 39 84 - Motos de agua en Gij\u00f3n 30 minutos","robots":{"index":"index","follow":"follow","max-snippet":"max-snippet:-1","max-image-preview":"max-image-preview:large","max-video-preview":"max-video-preview:-1"},"canonical":"https:\/\/www.actividadesgijon.com\/reservas\/productos\/motos-de-agua\/","og_locale":"es_ES","og_type":"article","og_title":"Motos de Agua en Gij\u00f3n 30 minutos - Reservas Actividades Gij\u00f3n","og_description":"Alquila una moto de agua en Gij\u00f3n y descarga toda la adrenalina con Actividades Gij\u00f3n. Reservas al \u260e 690 17 39 84 - Motos de agua en Gij\u00f3n 30 minutos","og_url":"https:\/\/www.actividadesgijon.com\/reservas\/productos\/motos-de-agua\/","og_site_name":"Reservas Actividades Gij\u00f3n","article_modified_time":"2025-02-17T12:34:30+00:00","og_image":[{"width":600,"height":400,"url":"https:\/\/www.actividadesgijon.com\/reservas\/wp-content\/uploads\/2021\/05\/reservar-motos-de-agua-en-gijon-30-minutos.jpg","type":"image\/jpeg"}],"twitter_card":"summary_large_image","twitter_misc":{"Tiempo de lectura":"2 minutos"},"schema":{"@context":"https:\/\/schema.org","@graph":[{"@type":"WebPage","@id":"https:\/\/www.actividadesgijon.com\/reservas\/productos\/motos-de-agua\/","url":"https:\/\/www.actividadesgijon.com\/reservas\/productos\/motos-de-agua\/","name":"Motos de Agua en Gij\u00f3n 30 minutos - Reservas Actividades Gij\u00f3n","isPartOf":{"@id":"https:\/\/www.actividadesgijon.com\/reservas\/#website"},"primaryImageOfPage":{"@id":"https:\/\/www.actividadesgijon.com\/reservas\/productos\/motos-de-agua\/#primaryimage"},"image":{"@id":"https:\/\/www.actividadesgijon.com\/reservas\/productos\/motos-de-agua\/#primaryimage"},"thumbnailUrl":"https:\/\/www.actividadesgijon.com\/reservas\/wp-content\/uploads\/2021\/05\/reservar-motos-de-agua-en-gijon-30-minutos.jpg","datePublished":"2021-05-07T09:56:36+00:00","dateModified":"2025-02-17T12:34:30+00:00","description":"Alquila una moto de agua en Gij\u00f3n y descarga toda la adrenalina con Actividades Gij\u00f3n. Reservas al \u260e 690 17 39 84 - Motos de agua en Gij\u00f3n 30 minutos","breadcrumb":{"@id":"https:\/\/www.actividadesgijon.com\/reservas\/productos\/motos-de-agua\/#breadcrumb"},"inLanguage":"es","potentialAction":[{"@type":"ReadAction","target":["https:\/\/www.actividadesgijon.com\/reservas\/productos\/motos-de-agua\/"]}]},{"@type":"ImageObject","inLanguage":"es","@id":"https:\/\/www.actividadesgijon.com\/reservas\/productos\/motos-de-agua\/#primaryimage","url":"https:\/\/www.actividadesgijon.com\/reservas\/wp-content\/uploads\/2021\/05\/reservar-motos-de-agua-en-gijon-30-minutos.jpg","contentUrl":"https:\/\/www.actividadesgijon.com\/reservas\/wp-content\/uploads\/2021\/05\/reservar-motos-de-agua-en-gijon-30-minutos.jpg","width":600,"height":400,"caption":"reservar motos de agua en Gij\u00f3n 30 minutos"},{"@type":"BreadcrumbList","@id":"https:\/\/www.actividadesgijon.com\/reservas\/productos\/motos-de-agua\/#breadcrumb","itemListElement":[{"@type":"ListItem","position":1,"name":"Portada","item":"https:\/\/www.actividadesgijon.com\/reservas\/"},{"@type":"ListItem","position":2,"name":"Productos","item":"https:\/\/www.actividadesgijon.com\/reservas\/shop\/"},{"@type":"ListItem","position":3,"name":"Motos de Agua 30 minutos"}]},{"@type":"WebSite","@id":"https:\/\/www.actividadesgijon.com\/reservas\/#website","url":"https:\/\/www.actividadesgijon.com\/reservas\/","name":"Reservas Actividades Gij\u00f3n","description":"","potentialAction":[{"@type":"SearchAction","target":{"@type":"EntryPoint","urlTemplate":"https:\/\/www.actividadesgijon.com\/reservas\/?s={search_term_string}"},"query-input":"required name=search_term_string"}],"inLanguage":"es"}]}},"_links":{"self":[{"href":"https:\/\/www.actividadesgijon.com\/reservas\/wp-json\/wp\/v2\/product\/319"}],"collection":[{"href":"https:\/\/www.actividadesgijon.com\/reservas\/wp-json\/wp\/v2\/product"}],"about":[{"href":"https:\/\/www.actividadesgijon.com\/reservas\/wp-json\/wp\/v2\/types\/product"}],"wp:featuredmedia":[{"embeddable":true,"href":"https:\/\/www.actividadesgijon.com\/reservas\/wp-json\/wp\/v2\/media\/547"}],"wp:attachment":[{"href":"https:\/\/www.actividadesgijon.com\/reservas\/wp-json\/wp\/v2\/media?parent=319"}],"wp:term":[{"taxonomy":"product_cat","embeddable":true,"href":"https:\/\/www.actividadesgijon.com\/reservas\/wp-json\/wp\/v2\/product_cat?post=319"},{"taxonomy":"product_tag","embeddable":true,"href":"https:\/\/www.actividadesgijon.com\/reservas\/wp-json\/wp\/v2\/product_tag?post=319"}],"curies":[{"name":"wp","href":"https:\/\/api.w.org\/{rel}","templated":true}]}}