{"id":318,"date":"2021-05-03T09:56:25","date_gmt":"2021-05-03T09:56:25","guid":{"rendered":"https:\/\/publicidadoviedo.com\/gijontienda\/?post_type=product&#038;p=318"},"modified":"2025-02-17T12:01:07","modified_gmt":"2025-02-17T12:01:07","slug":"ruta-en-buggy-1-hora","status":"publish","type":"product","link":"https:\/\/www.actividadesgijon.com\/reservas\/productos\/ruta-en-buggy-1-hora\/","title":{"rendered":"Ruta en buggy 1 hora"},"content":{"rendered":"<h2>Ruta en buggy en Gij\u00f3n para una o dos personas<\/h2>\n<p>Una ruta en buggy en Gij\u00f3n durante 1 hora en la que disfrutar\u00e9is de una ruta t\u00e9cnica de sorteo de obst\u00e1culos para vivir una aut\u00e9ntica experiencia 4&#215;4. Disfruta de una experiencia 4&#215;4 con los buggies modelo Can Am Maverick 800. Asi que, no lo pienses y ven aprender a manejar un buggy en situaciones extremas con rampas, obst\u00e1culos y baches de todo tipo. Siente la aut\u00e9ntica adrenalina al conducir este veh\u00edculo todoterreno en todo tipo de firmes. Sortea, esquiva y maniobra en todo tipo de superficies con el buggy.<\/p>\n<p>Se trata de una ruta tur\u00edstica guiada con monitor, el cual explicar\u00e1 todo lo necesario en t\u00e9rminos de seguridad y manejo de veh\u00edculo antes de comenzar la ruta.<br \/>\nPor supuesto, en esta actividad recomendamos traer ropa de abrigo que no importe que se ensucie y que sea c\u00f3moda. Disponemos de ba\u00f1os para cambiarse de ropa y taquillas para dejar los objetos de valor.<br \/>\nLa ruta con el Buggy en Gij\u00f3n comienza desde nuestro centro de actividades en Gij\u00f3n.<br \/>\nGarant\u00eda de veh\u00edculos de alta calidad, constante revisi\u00f3n y mantenimiento por profesionales.<br \/>\nBonos regalo disponibles.<\/p>\n<p>Adem\u00e1s, en cada buggy pueden ir una o dos personas. Es posible realizar cambio de conductor a mitad de ruta. Tener en cuenta que la ruta en buggy podr\u00eda ser modificada seg\u00fan condiciones climatol\u00f3gicas.<\/p>\n<p>Tambi\u00e9n podr\u00e1s disfrutar de otras actividades como el paintball, humor amarillo, futbol burbuja o las motos de agua. Cons\u00faltanos y te informamos sin compromiso.<\/p>\n<h3>RECUERDA<\/h3>\n<p>Imprescindible y necesario carnet de conducir v\u00e1lido en Espa\u00f1a, tipo B.<br \/>\nLos acompa\u00f1antes en rutas en familia deber\u00e1n ser mayores de 8 a\u00f1os.<br \/>\nEl conductor asume cualquier responsabilidad o da\u00f1o que pueda sufrir o causar por conducci\u00f3n indebida del veh\u00edculo. Por supuesto, se debe respetar las ordenes del monitor en todo momento.<\/p>\n<p>No es una carrera ni competici\u00f3n, se trata de una ruta guiada controlada.<\/p>\n","protected":false},"excerpt":{"rendered":"<p>Alquila un buggy en Gij\u00f3n durante una hora para una o dos personas. Precio por buggy.<\/p>\n","protected":false},"featured_media":549,"template":"","meta":[],"product_cat":[27],"product_tag":[],"class_list":{"0":"post-318","1":"product","2":"type-product","3":"status-publish","4":"has-post-thumbnail","6":"product_cat-actividades","8":"first","9":"instock","10":"sale","11":"taxable","12":"shipping-taxable","13":"purchasable","14":"product-type-simple"},"yoast_head":"<!-- This site is optimized with the Yoast SEO plugin v23.1 - https:\/\/yoast.com\/wordpress\/plugins\/seo\/ -->\n<title>Ruta en Buggy 1 hora en Gij\u00f3n - Reservas Actividades Gij\u00f3n<\/title>\n<meta name=\"description\" content=\"Alquila un buggy durante 1 hora con Actividades Gij\u00f3n y disfruta la experiencia. Reservas al \u260e 690 173 984 - Ruta en Buggy 1 hora en Gij\u00f3n\" \/>\n<meta name=\"robots\" content=\"index, follow, max-snippet:-1, max-image-preview:large, max-video-preview:-1\" \/>\n<link rel=\"canonical\" href=\"https:\/\/www.actividadesgijon.com\/reservas\/productos\/ruta-en-buggy-1-hora\/\" \/>\n<meta property=\"og:locale\" content=\"es_ES\" \/>\n<meta property=\"og:type\" content=\"article\" \/>\n<meta property=\"og:title\" content=\"Ruta en Buggy 1 hora en Gij\u00f3n - Reservas Actividades Gij\u00f3n\" \/>\n<meta property=\"og:description\" content=\"Alquila un buggy durante 1 hora con Actividades Gij\u00f3n y disfruta la experiencia. Reservas al \u260e 690 173 984 - Ruta en Buggy 1 hora en Gij\u00f3n\" \/>\n<meta property=\"og:url\" content=\"https:\/\/www.actividadesgijon.com\/reservas\/productos\/ruta-en-buggy-1-hora\/\" \/>\n<meta property=\"og:site_name\" content=\"Reservas Actividades Gij\u00f3n\" \/>\n<meta property=\"article:modified_time\" content=\"2025-02-17T12:01:07+00:00\" \/>\n<meta property=\"og:image\" content=\"https:\/\/www.actividadesgijon.com\/reservas\/wp-content\/uploads\/2021\/05\/reservar-ruta-en-buggy-en-gijon-1-hora.jpg\" \/>\n\t<meta property=\"og:image:width\" content=\"600\" \/>\n\t<meta property=\"og:image:height\" content=\"400\" \/>\n\t<meta property=\"og:image:type\" content=\"image\/jpeg\" \/>\n<meta name=\"twitter:card\" content=\"summary_large_image\" \/>\n<meta name=\"twitter:label1\" content=\"Tiempo de lectura\" \/>\n\t<meta name=\"twitter:data1\" content=\"2 minutos\" \/>\n<script type=\"application\/ld+json\" class=\"yoast-schema-graph\">{\"@context\":\"https:\/\/schema.org\",\"@graph\":[{\"@type\":\"WebPage\",\"@id\":\"https:\/\/www.actividadesgijon.com\/reservas\/productos\/ruta-en-buggy-1-hora\/\",\"url\":\"https:\/\/www.actividadesgijon.com\/reservas\/productos\/ruta-en-buggy-1-hora\/\",\"name\":\"Ruta en Buggy 1 hora en Gij\u00f3n - Reservas Actividades Gij\u00f3n\",\"isPartOf\":{\"@id\":\"https:\/\/www.actividadesgijon.com\/reservas\/#website\"},\"primaryImageOfPage\":{\"@id\":\"https:\/\/www.actividadesgijon.com\/reservas\/productos\/ruta-en-buggy-1-hora\/#primaryimage\"},\"image\":{\"@id\":\"https:\/\/www.actividadesgijon.com\/reservas\/productos\/ruta-en-buggy-1-hora\/#primaryimage\"},\"thumbnailUrl\":\"https:\/\/www.actividadesgijon.com\/reservas\/wp-content\/uploads\/2021\/05\/reservar-ruta-en-buggy-en-gijon-1-hora.jpg\",\"datePublished\":\"2021-05-03T09:56:25+00:00\",\"dateModified\":\"2025-02-17T12:01:07+00:00\",\"description\":\"Alquila un buggy durante 1 hora con Actividades Gij\u00f3n y disfruta la experiencia. Reservas al \u260e 690 173 984 - Ruta en Buggy 1 hora en Gij\u00f3n\",\"breadcrumb\":{\"@id\":\"https:\/\/www.actividadesgijon.com\/reservas\/productos\/ruta-en-buggy-1-hora\/#breadcrumb\"},\"inLanguage\":\"es\",\"potentialAction\":[{\"@type\":\"ReadAction\",\"target\":[\"https:\/\/www.actividadesgijon.com\/reservas\/productos\/ruta-en-buggy-1-hora\/\"]}]},{\"@type\":\"ImageObject\",\"inLanguage\":\"es\",\"@id\":\"https:\/\/www.actividadesgijon.com\/reservas\/productos\/ruta-en-buggy-1-hora\/#primaryimage\",\"url\":\"https:\/\/www.actividadesgijon.com\/reservas\/wp-content\/uploads\/2021\/05\/reservar-ruta-en-buggy-en-gijon-1-hora.jpg\",\"contentUrl\":\"https:\/\/www.actividadesgijon.com\/reservas\/wp-content\/uploads\/2021\/05\/reservar-ruta-en-buggy-en-gijon-1-hora.jpg\",\"width\":600,\"height\":400,\"caption\":\"reservar ruta en buggy en Gij\u00f3n 1 hora\"},{\"@type\":\"BreadcrumbList\",\"@id\":\"https:\/\/www.actividadesgijon.com\/reservas\/productos\/ruta-en-buggy-1-hora\/#breadcrumb\",\"itemListElement\":[{\"@type\":\"ListItem\",\"position\":1,\"name\":\"Portada\",\"item\":\"https:\/\/www.actividadesgijon.com\/reservas\/\"},{\"@type\":\"ListItem\",\"position\":2,\"name\":\"Productos\",\"item\":\"https:\/\/www.actividadesgijon.com\/reservas\/shop\/\"},{\"@type\":\"ListItem\",\"position\":3,\"name\":\"Ruta en buggy 1 hora\"}]},{\"@type\":\"WebSite\",\"@id\":\"https:\/\/www.actividadesgijon.com\/reservas\/#website\",\"url\":\"https:\/\/www.actividadesgijon.com\/reservas\/\",\"name\":\"Reservas Actividades Gij\u00f3n\",\"description\":\"\",\"potentialAction\":[{\"@type\":\"SearchAction\",\"target\":{\"@type\":\"EntryPoint\",\"urlTemplate\":\"https:\/\/www.actividadesgijon.com\/reservas\/?s={search_term_string}\"},\"query-input\":\"required name=search_term_string\"}],\"inLanguage\":\"es\"}]}<\/script>\n<!-- \/ Yoast SEO plugin. -->","yoast_head_json":{"title":"Ruta en Buggy 1 hora en Gij\u00f3n - Reservas Actividades Gij\u00f3n","description":"Alquila un buggy durante 1 hora con Actividades Gij\u00f3n y disfruta la experiencia. Reservas al \u260e 690 173 984 - Ruta en Buggy 1 hora en Gij\u00f3n","robots":{"index":"index","follow":"follow","max-snippet":"max-snippet:-1","max-image-preview":"max-image-preview:large","max-video-preview":"max-video-preview:-1"},"canonical":"https:\/\/www.actividadesgijon.com\/reservas\/productos\/ruta-en-buggy-1-hora\/","og_locale":"es_ES","og_type":"article","og_title":"Ruta en Buggy 1 hora en Gij\u00f3n - Reservas Actividades Gij\u00f3n","og_description":"Alquila un buggy durante 1 hora con Actividades Gij\u00f3n y disfruta la experiencia. Reservas al \u260e 690 173 984 - Ruta en Buggy 1 hora en Gij\u00f3n","og_url":"https:\/\/www.actividadesgijon.com\/reservas\/productos\/ruta-en-buggy-1-hora\/","og_site_name":"Reservas Actividades Gij\u00f3n","article_modified_time":"2025-02-17T12:01:07+00:00","og_image":[{"width":600,"height":400,"url":"https:\/\/www.actividadesgijon.com\/reservas\/wp-content\/uploads\/2021\/05\/reservar-ruta-en-buggy-en-gijon-1-hora.jpg","type":"image\/jpeg"}],"twitter_card":"summary_large_image","twitter_misc":{"Tiempo de lectura":"2 minutos"},"schema":{"@context":"https:\/\/schema.org","@graph":[{"@type":"WebPage","@id":"https:\/\/www.actividadesgijon.com\/reservas\/productos\/ruta-en-buggy-1-hora\/","url":"https:\/\/www.actividadesgijon.com\/reservas\/productos\/ruta-en-buggy-1-hora\/","name":"Ruta en Buggy 1 hora en Gij\u00f3n - Reservas Actividades Gij\u00f3n","isPartOf":{"@id":"https:\/\/www.actividadesgijon.com\/reservas\/#website"},"primaryImageOfPage":{"@id":"https:\/\/www.actividadesgijon.com\/reservas\/productos\/ruta-en-buggy-1-hora\/#primaryimage"},"image":{"@id":"https:\/\/www.actividadesgijon.com\/reservas\/productos\/ruta-en-buggy-1-hora\/#primaryimage"},"thumbnailUrl":"https:\/\/www.actividadesgijon.com\/reservas\/wp-content\/uploads\/2021\/05\/reservar-ruta-en-buggy-en-gijon-1-hora.jpg","datePublished":"2021-05-03T09:56:25+00:00","dateModified":"2025-02-17T12:01:07+00:00","description":"Alquila un buggy durante 1 hora con Actividades Gij\u00f3n y disfruta la experiencia. Reservas al \u260e 690 173 984 - Ruta en Buggy 1 hora en Gij\u00f3n","breadcrumb":{"@id":"https:\/\/www.actividadesgijon.com\/reservas\/productos\/ruta-en-buggy-1-hora\/#breadcrumb"},"inLanguage":"es","potentialAction":[{"@type":"ReadAction","target":["https:\/\/www.actividadesgijon.com\/reservas\/productos\/ruta-en-buggy-1-hora\/"]}]},{"@type":"ImageObject","inLanguage":"es","@id":"https:\/\/www.actividadesgijon.com\/reservas\/productos\/ruta-en-buggy-1-hora\/#primaryimage","url":"https:\/\/www.actividadesgijon.com\/reservas\/wp-content\/uploads\/2021\/05\/reservar-ruta-en-buggy-en-gijon-1-hora.jpg","contentUrl":"https:\/\/www.actividadesgijon.com\/reservas\/wp-content\/uploads\/2021\/05\/reservar-ruta-en-buggy-en-gijon-1-hora.jpg","width":600,"height":400,"caption":"reservar ruta en buggy en Gij\u00f3n 1 hora"},{"@type":"BreadcrumbList","@id":"https:\/\/www.actividadesgijon.com\/reservas\/productos\/ruta-en-buggy-1-hora\/#breadcrumb","itemListElement":[{"@type":"ListItem","position":1,"name":"Portada","item":"https:\/\/www.actividadesgijon.com\/reservas\/"},{"@type":"ListItem","position":2,"name":"Productos","item":"https:\/\/www.actividadesgijon.com\/reservas\/shop\/"},{"@type":"ListItem","position":3,"name":"Ruta en buggy 1 hora"}]},{"@type":"WebSite","@id":"https:\/\/www.actividadesgijon.com\/reservas\/#website","url":"https:\/\/www.actividadesgijon.com\/reservas\/","name":"Reservas Actividades Gij\u00f3n","description":"","potentialAction":[{"@type":"SearchAction","target":{"@type":"EntryPoint","urlTemplate":"https:\/\/www.actividadesgijon.com\/reservas\/?s={search_term_string}"},"query-input":"required name=search_term_string"}],"inLanguage":"es"}]}},"_links":{"self":[{"href":"https:\/\/www.actividadesgijon.com\/reservas\/wp-json\/wp\/v2\/product\/318"}],"collection":[{"href":"https:\/\/www.actividadesgijon.com\/reservas\/wp-json\/wp\/v2\/product"}],"about":[{"href":"https:\/\/www.actividadesgijon.com\/reservas\/wp-json\/wp\/v2\/types\/product"}],"wp:featuredmedia":[{"embeddable":true,"href":"https:\/\/www.actividadesgijon.com\/reservas\/wp-json\/wp\/v2\/media\/549"}],"wp:attachment":[{"href":"https:\/\/www.actividadesgijon.com\/reservas\/wp-json\/wp\/v2\/media?parent=318"}],"wp:term":[{"taxonomy":"product_cat","embeddable":true,"href":"https:\/\/www.actividadesgijon.com\/reservas\/wp-json\/wp\/v2\/product_cat?post=318"},{"taxonomy":"product_tag","embeddable":true,"href":"https:\/\/www.actividadesgijon.com\/reservas\/wp-json\/wp\/v2\/product_tag?post=318"}],"curies":[{"name":"wp","href":"https:\/\/api.w.org\/{rel}","templated":true}]}}