{"id":317,"date":"2021-05-02T09:56:15","date_gmt":"2021-05-02T09:56:15","guid":{"rendered":"https:\/\/publicidadoviedo.com\/gijontienda\/?post_type=product&#038;p=317"},"modified":"2025-02-17T12:04:37","modified_gmt":"2025-02-17T12:04:37","slug":"paintball","status":"publish","type":"product","link":"https:\/\/www.actividadesgijon.com\/reservas\/productos\/paintball\/","title":{"rendered":"Paintball"},"content":{"rendered":"<h2>Paintball en Gij\u00f3n<\/h2>\n<p>Reserva la actividad de paintball en Gij\u00f3n con Actividades Gij\u00f3n. As\u00ed que disfruta dispar\u00e1ndoles pintura a tus seres queridos en el <strong style=\"color: #cc0000;\">\u00fanico campo de Paintball de Gij\u00f3n.<\/strong><\/p>\n<p>Por supuesto, no hay mejor manera de conseguir un subid\u00f3n de <strong style=\"color: #cc0000;\">adrenalina<\/strong> que aventur\u00e1ndote en las inmediaciones de una batalla legendaria gracias a <strong style=\"color: #cc0000;\">Actividades Gij\u00f3n.<\/strong><br \/>\nNo lo pienses mas, escoged el modo de juego que m\u00e1s se adapte a vosotros y comenzad a poneros perdidos de pintura con nuestro armamento de vanguardia. Adem\u00e1s, podr\u00e1s probar diferentes modos de juego como el asalto a la colina, juego de la bandera, todos contra todos y bandera central. Y si a\u00fan os quedan m\u00e1s bolas podr\u00e9is repetir el juego que m\u00e1s os haya gustado.<\/p>\n<p>Disponemos de diferentes escenarios de batalla: \u00abPuentes\u00bb, \u00abtrincheras\u00bb en las cercan\u00edas de la Senda Verde de la Camocha; todos v\u00e1lidos para nuestro cometido: <strong style=\"color: #cc0000;\">sobreponernos al rival.<\/strong><\/p>\n<h3 style=\"color: #cc0000;\"><strong>\u00bfQu\u00e9 incluye?<\/strong><\/h3>\n<ul>\n<li>Marcadora Tippmann + accesorios.<\/li>\n<li>Recarga de 100 bolas paintball iniciales por participante.<\/li>\n<li>Buzo camuflado de \u00faltimo dise\u00f1o, m\u00e1scara, protector de cuello y guantes.<\/li>\n<li>Uso de todos los servicios (ba\u00f1os, taquillas\u2026).<\/li>\n<li>Opci\u00f3n a contratar men\u00fa cachopo o parrillada.<\/li>\n<li>Disponemos de ba\u00f1os WC, taquillas y mesas para merendar en las instalaciones.<\/li>\n<li>Ofrecemos m\u00faltiples opciones para grupos y cumplea\u00f1os en nuestras instalaciones. Y tambi\u00e9n otras actividades como el futbol burbuja o el humor amarillo.<\/li>\n<li>Disponemos de camas el\u00e1sticas en las instalaciones que puede completar la actividad de paintball (consultar tarifa).<\/li>\n<\/ul>\n<h3 style=\"color: #cc0000;\"><strong>Duraci\u00f3n<\/strong><\/h3>\n<ul>\n<li>Sin tiempo de duraci\u00f3n. Siempre que teng\u00e1is munici\u00f3n, el juego sigue. Se pueden comprar m\u00e1s recargas si se desea jugar m\u00e1s tiempo (consultar tarifa).<\/li>\n<\/ul>\n<h4 style=\"color: #cc0000;\"><strong>Requisitos y recomendaciones:<\/strong><\/h4>\n<ul>\n<li>El m\u00ednimo de participantes de 6 personas.<\/li>\n<li>Edad m\u00ednima 8 a\u00f1os.<\/li>\n<li>Concretar n\u00famero de participantes con 7 d\u00edas de antelaci\u00f3n.<\/li>\n<li>En ocasiones se debe realizar un dep\u00f3sito para garantizar la reserva. El resto se pagar\u00eda al finalizar la actividad.<\/li>\n<li>Llevar ropa y calzado de repuesto y c\u00f3modo (es posible que te ensucies).<\/li>\n<li>Hacer caso al monitor durante la actividad.<\/li>\n<li>Ajustarse bien la m\u00e1scara y las protecciones.<\/li>\n<li>Respetar una distancia entre jugadores antes de disparar (de 8 a 10 metros).<\/li>\n<li>Apuntar con la marcadora al suelo cuando no se est\u00e9 jugando.<\/li>\n<\/ul>\n","protected":false},"excerpt":{"rendered":"<p>\u00danico campo de paintball en Gij\u00f3n. Incluye 100 bolas de recarga iniciales GRATIS por participante.<\/p>\n","protected":false},"featured_media":550,"template":"","meta":[],"product_cat":[27],"product_tag":[],"class_list":{"0":"post-317","1":"product","2":"type-product","3":"status-publish","4":"has-post-thumbnail","6":"product_cat-actividades","8":"first","9":"instock","10":"taxable","11":"shipping-taxable","12":"purchasable","13":"product-type-simple"},"yoast_head":"<!-- This site is optimized with the Yoast SEO plugin v23.1 - https:\/\/yoast.com\/wordpress\/plugins\/seo\/ -->\n<title>Paintball en Gij\u00f3n - Reservas Actividades Gij\u00f3n<\/title>\n<meta name=\"description\" content=\"Reserva una partida de paintball en Gij\u00f3n, Asturias. Reservas al \u260e 690 173 984 - Reservar Paintball en Gij\u00f3n. Situado en el Pol\u00edgono de Porceyo.\" \/>\n<meta name=\"robots\" content=\"index, follow, max-snippet:-1, max-image-preview:large, max-video-preview:-1\" \/>\n<link rel=\"canonical\" href=\"https:\/\/www.actividadesgijon.com\/reservas\/productos\/paintball\/\" \/>\n<meta property=\"og:locale\" content=\"es_ES\" \/>\n<meta property=\"og:type\" content=\"article\" \/>\n<meta property=\"og:title\" content=\"Paintball en Gij\u00f3n - Reservas Actividades Gij\u00f3n\" \/>\n<meta property=\"og:description\" content=\"Reserva una partida de paintball en Gij\u00f3n, Asturias. Reservas al \u260e 690 173 984 - Reservar Paintball en Gij\u00f3n. Situado en el Pol\u00edgono de Porceyo.\" \/>\n<meta property=\"og:url\" content=\"https:\/\/www.actividadesgijon.com\/reservas\/productos\/paintball\/\" \/>\n<meta property=\"og:site_name\" content=\"Reservas Actividades Gij\u00f3n\" \/>\n<meta property=\"article:modified_time\" content=\"2025-02-17T12:04:37+00:00\" \/>\n<meta property=\"og:image\" content=\"https:\/\/www.actividadesgijon.com\/reservas\/wp-content\/uploads\/2021\/05\/reservar-paintball-en-gijon.jpg\" \/>\n\t<meta property=\"og:image:width\" content=\"600\" \/>\n\t<meta property=\"og:image:height\" content=\"400\" \/>\n\t<meta property=\"og:image:type\" content=\"image\/jpeg\" \/>\n<meta name=\"twitter:card\" content=\"summary_large_image\" \/>\n<meta name=\"twitter:label1\" content=\"Tiempo de lectura\" \/>\n\t<meta name=\"twitter:data1\" content=\"2 minutos\" \/>\n<script type=\"application\/ld+json\" class=\"yoast-schema-graph\">{\"@context\":\"https:\/\/schema.org\",\"@graph\":[{\"@type\":\"WebPage\",\"@id\":\"https:\/\/www.actividadesgijon.com\/reservas\/productos\/paintball\/\",\"url\":\"https:\/\/www.actividadesgijon.com\/reservas\/productos\/paintball\/\",\"name\":\"Paintball en Gij\u00f3n - Reservas Actividades Gij\u00f3n\",\"isPartOf\":{\"@id\":\"https:\/\/www.actividadesgijon.com\/reservas\/#website\"},\"primaryImageOfPage\":{\"@id\":\"https:\/\/www.actividadesgijon.com\/reservas\/productos\/paintball\/#primaryimage\"},\"image\":{\"@id\":\"https:\/\/www.actividadesgijon.com\/reservas\/productos\/paintball\/#primaryimage\"},\"thumbnailUrl\":\"https:\/\/www.actividadesgijon.com\/reservas\/wp-content\/uploads\/2021\/05\/reservar-paintball-en-gijon.jpg\",\"datePublished\":\"2021-05-02T09:56:15+00:00\",\"dateModified\":\"2025-02-17T12:04:37+00:00\",\"description\":\"Reserva una partida de paintball en Gij\u00f3n, Asturias. Reservas al \u260e 690 173 984 - Reservar Paintball en Gij\u00f3n. Situado en el Pol\u00edgono de Porceyo.\",\"breadcrumb\":{\"@id\":\"https:\/\/www.actividadesgijon.com\/reservas\/productos\/paintball\/#breadcrumb\"},\"inLanguage\":\"es\",\"potentialAction\":[{\"@type\":\"ReadAction\",\"target\":[\"https:\/\/www.actividadesgijon.com\/reservas\/productos\/paintball\/\"]}]},{\"@type\":\"ImageObject\",\"inLanguage\":\"es\",\"@id\":\"https:\/\/www.actividadesgijon.com\/reservas\/productos\/paintball\/#primaryimage\",\"url\":\"https:\/\/www.actividadesgijon.com\/reservas\/wp-content\/uploads\/2021\/05\/reservar-paintball-en-gijon.jpg\",\"contentUrl\":\"https:\/\/www.actividadesgijon.com\/reservas\/wp-content\/uploads\/2021\/05\/reservar-paintball-en-gijon.jpg\",\"width\":600,\"height\":400,\"caption\":\"reservar paintball en Gij\u00f3n\"},{\"@type\":\"BreadcrumbList\",\"@id\":\"https:\/\/www.actividadesgijon.com\/reservas\/productos\/paintball\/#breadcrumb\",\"itemListElement\":[{\"@type\":\"ListItem\",\"position\":1,\"name\":\"Portada\",\"item\":\"https:\/\/www.actividadesgijon.com\/reservas\/\"},{\"@type\":\"ListItem\",\"position\":2,\"name\":\"Productos\",\"item\":\"https:\/\/www.actividadesgijon.com\/reservas\/shop\/\"},{\"@type\":\"ListItem\",\"position\":3,\"name\":\"Paintball\"}]},{\"@type\":\"WebSite\",\"@id\":\"https:\/\/www.actividadesgijon.com\/reservas\/#website\",\"url\":\"https:\/\/www.actividadesgijon.com\/reservas\/\",\"name\":\"Reservas Actividades Gij\u00f3n\",\"description\":\"\",\"potentialAction\":[{\"@type\":\"SearchAction\",\"target\":{\"@type\":\"EntryPoint\",\"urlTemplate\":\"https:\/\/www.actividadesgijon.com\/reservas\/?s={search_term_string}\"},\"query-input\":\"required name=search_term_string\"}],\"inLanguage\":\"es\"}]}<\/script>\n<!-- \/ Yoast SEO plugin. -->","yoast_head_json":{"title":"Paintball en Gij\u00f3n - Reservas Actividades Gij\u00f3n","description":"Reserva una partida de paintball en Gij\u00f3n, Asturias. Reservas al \u260e 690 173 984 - Reservar Paintball en Gij\u00f3n. Situado en el Pol\u00edgono de Porceyo.","robots":{"index":"index","follow":"follow","max-snippet":"max-snippet:-1","max-image-preview":"max-image-preview:large","max-video-preview":"max-video-preview:-1"},"canonical":"https:\/\/www.actividadesgijon.com\/reservas\/productos\/paintball\/","og_locale":"es_ES","og_type":"article","og_title":"Paintball en Gij\u00f3n - Reservas Actividades Gij\u00f3n","og_description":"Reserva una partida de paintball en Gij\u00f3n, Asturias. Reservas al \u260e 690 173 984 - Reservar Paintball en Gij\u00f3n. Situado en el Pol\u00edgono de Porceyo.","og_url":"https:\/\/www.actividadesgijon.com\/reservas\/productos\/paintball\/","og_site_name":"Reservas Actividades Gij\u00f3n","article_modified_time":"2025-02-17T12:04:37+00:00","og_image":[{"width":600,"height":400,"url":"https:\/\/www.actividadesgijon.com\/reservas\/wp-content\/uploads\/2021\/05\/reservar-paintball-en-gijon.jpg","type":"image\/jpeg"}],"twitter_card":"summary_large_image","twitter_misc":{"Tiempo de lectura":"2 minutos"},"schema":{"@context":"https:\/\/schema.org","@graph":[{"@type":"WebPage","@id":"https:\/\/www.actividadesgijon.com\/reservas\/productos\/paintball\/","url":"https:\/\/www.actividadesgijon.com\/reservas\/productos\/paintball\/","name":"Paintball en Gij\u00f3n - Reservas Actividades Gij\u00f3n","isPartOf":{"@id":"https:\/\/www.actividadesgijon.com\/reservas\/#website"},"primaryImageOfPage":{"@id":"https:\/\/www.actividadesgijon.com\/reservas\/productos\/paintball\/#primaryimage"},"image":{"@id":"https:\/\/www.actividadesgijon.com\/reservas\/productos\/paintball\/#primaryimage"},"thumbnailUrl":"https:\/\/www.actividadesgijon.com\/reservas\/wp-content\/uploads\/2021\/05\/reservar-paintball-en-gijon.jpg","datePublished":"2021-05-02T09:56:15+00:00","dateModified":"2025-02-17T12:04:37+00:00","description":"Reserva una partida de paintball en Gij\u00f3n, Asturias. Reservas al \u260e 690 173 984 - Reservar Paintball en Gij\u00f3n. Situado en el Pol\u00edgono de Porceyo.","breadcrumb":{"@id":"https:\/\/www.actividadesgijon.com\/reservas\/productos\/paintball\/#breadcrumb"},"inLanguage":"es","potentialAction":[{"@type":"ReadAction","target":["https:\/\/www.actividadesgijon.com\/reservas\/productos\/paintball\/"]}]},{"@type":"ImageObject","inLanguage":"es","@id":"https:\/\/www.actividadesgijon.com\/reservas\/productos\/paintball\/#primaryimage","url":"https:\/\/www.actividadesgijon.com\/reservas\/wp-content\/uploads\/2021\/05\/reservar-paintball-en-gijon.jpg","contentUrl":"https:\/\/www.actividadesgijon.com\/reservas\/wp-content\/uploads\/2021\/05\/reservar-paintball-en-gijon.jpg","width":600,"height":400,"caption":"reservar paintball en Gij\u00f3n"},{"@type":"BreadcrumbList","@id":"https:\/\/www.actividadesgijon.com\/reservas\/productos\/paintball\/#breadcrumb","itemListElement":[{"@type":"ListItem","position":1,"name":"Portada","item":"https:\/\/www.actividadesgijon.com\/reservas\/"},{"@type":"ListItem","position":2,"name":"Productos","item":"https:\/\/www.actividadesgijon.com\/reservas\/shop\/"},{"@type":"ListItem","position":3,"name":"Paintball"}]},{"@type":"WebSite","@id":"https:\/\/www.actividadesgijon.com\/reservas\/#website","url":"https:\/\/www.actividadesgijon.com\/reservas\/","name":"Reservas Actividades Gij\u00f3n","description":"","potentialAction":[{"@type":"SearchAction","target":{"@type":"EntryPoint","urlTemplate":"https:\/\/www.actividadesgijon.com\/reservas\/?s={search_term_string}"},"query-input":"required name=search_term_string"}],"inLanguage":"es"}]}},"_links":{"self":[{"href":"https:\/\/www.actividadesgijon.com\/reservas\/wp-json\/wp\/v2\/product\/317"}],"collection":[{"href":"https:\/\/www.actividadesgijon.com\/reservas\/wp-json\/wp\/v2\/product"}],"about":[{"href":"https:\/\/www.actividadesgijon.com\/reservas\/wp-json\/wp\/v2\/types\/product"}],"wp:featuredmedia":[{"embeddable":true,"href":"https:\/\/www.actividadesgijon.com\/reservas\/wp-json\/wp\/v2\/media\/550"}],"wp:attachment":[{"href":"https:\/\/www.actividadesgijon.com\/reservas\/wp-json\/wp\/v2\/media?parent=317"}],"wp:term":[{"taxonomy":"product_cat","embeddable":true,"href":"https:\/\/www.actividadesgijon.com\/reservas\/wp-json\/wp\/v2\/product_cat?post=317"},{"taxonomy":"product_tag","embeddable":true,"href":"https:\/\/www.actividadesgijon.com\/reservas\/wp-json\/wp\/v2\/product_tag?post=317"}],"curies":[{"name":"wp","href":"https:\/\/api.w.org\/{rel}","templated":true}]}}