{"id":314,"date":"2021-05-06T08:30:07","date_gmt":"2021-05-06T08:30:07","guid":{"rendered":"https:\/\/publicidadoviedo.com\/gijontienda\/?post_type=product&#038;p=314"},"modified":"2025-01-02T23:49:36","modified_gmt":"2025-01-02T23:49:36","slug":"pack-moto-de-agua-y-buggy","status":"publish","type":"product","link":"https:\/\/www.actividadesgijon.com\/reservas\/productos\/pack-moto-de-agua-y-buggy\/","title":{"rendered":"Pack Moto de agua y Buggy"},"content":{"rendered":"<h2>Pack moto de agua y buggy en Gij\u00f3n<\/h2>\n<p>Este fabuloso pack de moto de agua y buggy incluye excursi\u00f3n de moto de agua durante 30 minutos y buggy de 1 hora.<\/p>\n<h3><strong>Ruta en moto de agua en Gij\u00f3n<\/strong><\/h3>\n<p>De 1 a 2 personas por moto<br \/>\nIntercambio de piloto en mitad de la ruta<br \/>\nSe puede conducir a partir de los 16 a\u00f1os<br \/>\nA partir de los 6 a\u00f1os se podr\u00e1 montar como pasajero<br \/>\nDuraci\u00f3n de 30 minutos<br \/>\nBa\u00f1o en altamar<br \/>\nSin titulaci\u00f3n<br \/>\nVeh\u00edculo Yamaha VX o Seadoo GTI<br \/>\nTraje de neopreno si fuese necesario y chaleco salvavidas obligatorio<\/p>\n<p>Disfruta de una excursi\u00f3n en moto de agua con ba\u00f1o en altamar por las costas de Gij\u00f3n. Nuestras actividades siempre est\u00e1n supervisadas por monitores para que vivas las experiencias m\u00e1s emocionantes. Las motos de agua son de \u00faltima generaci\u00f3n. Ven a disfrutar y vive una aventura \u00fanica.<\/p>\n<p><strong>Ruta en buggy de 1 hora para una o dos personas.<\/strong><br \/>\nSe trata de una ruta tur\u00edstica guiada con monitor, el cual explicar\u00e1 todo lo necesario en t\u00e9rminos de seguridad antes de comenzar la ruta.<br \/>\nEn esta actividad recomendamos traer ropa que no importe que se ensucie y que sea c\u00f3moda. Disponemos de vestuarios y duchas para cambiarse de ropa.<br \/>\nLa ruta con el Buggy tiene un recorrido desde nuestro centro de actividades en Gij\u00f3n, justo al lado de la Senda de la Camocha, hasta el Mirador del Pico del Sol pasando por las proximidades de la Senda Verde de La Camocha.<br \/>\nGarant\u00eda de veh\u00edculos de alta calidad, constante revisi\u00f3n y mantenimiento por profesionales.<br \/>\nBonos regalo disponibles.<\/p>\n<p>\u00bfA QU\u00c9 ESPERAS PARA PARA CONTRATAR EL PACK DE MOTO DE AGUA Y BUGGY EN GIJ\u00d3N?<\/p>\n<p>RECUERDA<br \/>\nNecesario carnet de conducir v\u00e1lido en Espa\u00f1a, tipo B1.<br \/>\nLos acompa\u00f1antes en rutas en familia deber\u00e1n ser mayores de 8 a\u00f1os.<br \/>\nEl conductor asume cualquier responsabilidad o da\u00f1o que pueda sufrir o causar por conducci\u00f3n indebida del veh\u00edculo.<\/p>\n","protected":false},"excerpt":{"rendered":"<p>Pack de ruta en moto de agua durante 30 minutos y ruta en buggy de 1 hora para una o dos personas<\/p>\n","protected":false},"featured_media":328,"template":"","meta":[],"product_cat":[28],"product_tag":[],"class_list":{"0":"post-314","1":"product","2":"type-product","3":"status-publish","4":"has-post-thumbnail","6":"product_cat-packs","8":"first","9":"instock","10":"sale","11":"taxable","12":"shipping-taxable","13":"purchasable","14":"product-type-simple"},"yoast_head":"<!-- This site is optimized with the Yoast SEO plugin v23.1 - https:\/\/yoast.com\/wordpress\/plugins\/seo\/ -->\n<title>Pack Moto de agua y Buggy - Reservas Actividades Gij\u00f3n<\/title>\n<meta name=\"description\" content=\"El pack de tierra y mar incluye ruta en moto de agua y buggy para dos personas. Reservas al \u260e 690 173 984 - Pack moto de agua y buggy en Gij\u00f3n\" \/>\n<meta name=\"robots\" content=\"index, follow, max-snippet:-1, max-image-preview:large, max-video-preview:-1\" \/>\n<link rel=\"canonical\" href=\"https:\/\/www.actividadesgijon.com\/reservas\/productos\/pack-moto-de-agua-y-buggy\/\" \/>\n<meta property=\"og:locale\" content=\"es_ES\" \/>\n<meta property=\"og:type\" content=\"article\" \/>\n<meta property=\"og:title\" content=\"Pack Moto de agua y Buggy - Reservas Actividades Gij\u00f3n\" \/>\n<meta property=\"og:description\" content=\"El pack de tierra y mar incluye ruta en moto de agua y buggy para dos personas. Reservas al \u260e 690 173 984 - Pack moto de agua y buggy en Gij\u00f3n\" \/>\n<meta property=\"og:url\" content=\"https:\/\/www.actividadesgijon.com\/reservas\/productos\/pack-moto-de-agua-y-buggy\/\" \/>\n<meta property=\"og:site_name\" content=\"Reservas Actividades Gij\u00f3n\" \/>\n<meta property=\"article:modified_time\" content=\"2025-01-02T23:49:36+00:00\" \/>\n<meta property=\"og:image\" content=\"https:\/\/www.actividadesgijon.com\/reservas\/wp-content\/uploads\/2021\/05\/pack-moto-buggy-1024x768.png\" \/>\n\t<meta property=\"og:image:width\" content=\"1024\" \/>\n\t<meta property=\"og:image:height\" content=\"768\" \/>\n\t<meta property=\"og:image:type\" content=\"image\/png\" \/>\n<meta name=\"twitter:card\" content=\"summary_large_image\" \/>\n<meta name=\"twitter:label1\" content=\"Tiempo de lectura\" \/>\n\t<meta name=\"twitter:data1\" content=\"2 minutos\" \/>\n<script type=\"application\/ld+json\" class=\"yoast-schema-graph\">{\"@context\":\"https:\/\/schema.org\",\"@graph\":[{\"@type\":\"WebPage\",\"@id\":\"https:\/\/www.actividadesgijon.com\/reservas\/productos\/pack-moto-de-agua-y-buggy\/\",\"url\":\"https:\/\/www.actividadesgijon.com\/reservas\/productos\/pack-moto-de-agua-y-buggy\/\",\"name\":\"Pack Moto de agua y Buggy - Reservas Actividades Gij\u00f3n\",\"isPartOf\":{\"@id\":\"https:\/\/www.actividadesgijon.com\/reservas\/#website\"},\"primaryImageOfPage\":{\"@id\":\"https:\/\/www.actividadesgijon.com\/reservas\/productos\/pack-moto-de-agua-y-buggy\/#primaryimage\"},\"image\":{\"@id\":\"https:\/\/www.actividadesgijon.com\/reservas\/productos\/pack-moto-de-agua-y-buggy\/#primaryimage\"},\"thumbnailUrl\":\"https:\/\/www.actividadesgijon.com\/reservas\/wp-content\/uploads\/2021\/05\/pack-moto-buggy.png\",\"datePublished\":\"2021-05-06T08:30:07+00:00\",\"dateModified\":\"2025-01-02T23:49:36+00:00\",\"description\":\"El pack de tierra y mar incluye ruta en moto de agua y buggy para dos personas. Reservas al \u260e 690 173 984 - Pack moto de agua y buggy en Gij\u00f3n\",\"breadcrumb\":{\"@id\":\"https:\/\/www.actividadesgijon.com\/reservas\/productos\/pack-moto-de-agua-y-buggy\/#breadcrumb\"},\"inLanguage\":\"es\",\"potentialAction\":[{\"@type\":\"ReadAction\",\"target\":[\"https:\/\/www.actividadesgijon.com\/reservas\/productos\/pack-moto-de-agua-y-buggy\/\"]}]},{\"@type\":\"ImageObject\",\"inLanguage\":\"es\",\"@id\":\"https:\/\/www.actividadesgijon.com\/reservas\/productos\/pack-moto-de-agua-y-buggy\/#primaryimage\",\"url\":\"https:\/\/www.actividadesgijon.com\/reservas\/wp-content\/uploads\/2021\/05\/pack-moto-buggy.png\",\"contentUrl\":\"https:\/\/www.actividadesgijon.com\/reservas\/wp-content\/uploads\/2021\/05\/pack-moto-buggy.png\",\"width\":1600,\"height\":1200,\"caption\":\"pack moto de agua y buggy\"},{\"@type\":\"BreadcrumbList\",\"@id\":\"https:\/\/www.actividadesgijon.com\/reservas\/productos\/pack-moto-de-agua-y-buggy\/#breadcrumb\",\"itemListElement\":[{\"@type\":\"ListItem\",\"position\":1,\"name\":\"Portada\",\"item\":\"https:\/\/www.actividadesgijon.com\/reservas\/\"},{\"@type\":\"ListItem\",\"position\":2,\"name\":\"Productos\",\"item\":\"https:\/\/www.actividadesgijon.com\/reservas\/shop\/\"},{\"@type\":\"ListItem\",\"position\":3,\"name\":\"Pack Moto de agua y Buggy\"}]},{\"@type\":\"WebSite\",\"@id\":\"https:\/\/www.actividadesgijon.com\/reservas\/#website\",\"url\":\"https:\/\/www.actividadesgijon.com\/reservas\/\",\"name\":\"Reservas Actividades Gij\u00f3n\",\"description\":\"\",\"potentialAction\":[{\"@type\":\"SearchAction\",\"target\":{\"@type\":\"EntryPoint\",\"urlTemplate\":\"https:\/\/www.actividadesgijon.com\/reservas\/?s={search_term_string}\"},\"query-input\":\"required name=search_term_string\"}],\"inLanguage\":\"es\"}]}<\/script>\n<!-- \/ Yoast SEO plugin. -->","yoast_head_json":{"title":"Pack Moto de agua y Buggy - Reservas Actividades Gij\u00f3n","description":"El pack de tierra y mar incluye ruta en moto de agua y buggy para dos personas. Reservas al \u260e 690 173 984 - Pack moto de agua y buggy en Gij\u00f3n","robots":{"index":"index","follow":"follow","max-snippet":"max-snippet:-1","max-image-preview":"max-image-preview:large","max-video-preview":"max-video-preview:-1"},"canonical":"https:\/\/www.actividadesgijon.com\/reservas\/productos\/pack-moto-de-agua-y-buggy\/","og_locale":"es_ES","og_type":"article","og_title":"Pack Moto de agua y Buggy - Reservas Actividades Gij\u00f3n","og_description":"El pack de tierra y mar incluye ruta en moto de agua y buggy para dos personas. Reservas al \u260e 690 173 984 - Pack moto de agua y buggy en Gij\u00f3n","og_url":"https:\/\/www.actividadesgijon.com\/reservas\/productos\/pack-moto-de-agua-y-buggy\/","og_site_name":"Reservas Actividades Gij\u00f3n","article_modified_time":"2025-01-02T23:49:36+00:00","og_image":[{"width":1024,"height":768,"url":"https:\/\/www.actividadesgijon.com\/reservas\/wp-content\/uploads\/2021\/05\/pack-moto-buggy-1024x768.png","type":"image\/png"}],"twitter_card":"summary_large_image","twitter_misc":{"Tiempo de lectura":"2 minutos"},"schema":{"@context":"https:\/\/schema.org","@graph":[{"@type":"WebPage","@id":"https:\/\/www.actividadesgijon.com\/reservas\/productos\/pack-moto-de-agua-y-buggy\/","url":"https:\/\/www.actividadesgijon.com\/reservas\/productos\/pack-moto-de-agua-y-buggy\/","name":"Pack Moto de agua y Buggy - Reservas Actividades Gij\u00f3n","isPartOf":{"@id":"https:\/\/www.actividadesgijon.com\/reservas\/#website"},"primaryImageOfPage":{"@id":"https:\/\/www.actividadesgijon.com\/reservas\/productos\/pack-moto-de-agua-y-buggy\/#primaryimage"},"image":{"@id":"https:\/\/www.actividadesgijon.com\/reservas\/productos\/pack-moto-de-agua-y-buggy\/#primaryimage"},"thumbnailUrl":"https:\/\/www.actividadesgijon.com\/reservas\/wp-content\/uploads\/2021\/05\/pack-moto-buggy.png","datePublished":"2021-05-06T08:30:07+00:00","dateModified":"2025-01-02T23:49:36+00:00","description":"El pack de tierra y mar incluye ruta en moto de agua y buggy para dos personas. Reservas al \u260e 690 173 984 - Pack moto de agua y buggy en Gij\u00f3n","breadcrumb":{"@id":"https:\/\/www.actividadesgijon.com\/reservas\/productos\/pack-moto-de-agua-y-buggy\/#breadcrumb"},"inLanguage":"es","potentialAction":[{"@type":"ReadAction","target":["https:\/\/www.actividadesgijon.com\/reservas\/productos\/pack-moto-de-agua-y-buggy\/"]}]},{"@type":"ImageObject","inLanguage":"es","@id":"https:\/\/www.actividadesgijon.com\/reservas\/productos\/pack-moto-de-agua-y-buggy\/#primaryimage","url":"https:\/\/www.actividadesgijon.com\/reservas\/wp-content\/uploads\/2021\/05\/pack-moto-buggy.png","contentUrl":"https:\/\/www.actividadesgijon.com\/reservas\/wp-content\/uploads\/2021\/05\/pack-moto-buggy.png","width":1600,"height":1200,"caption":"pack moto de agua y buggy"},{"@type":"BreadcrumbList","@id":"https:\/\/www.actividadesgijon.com\/reservas\/productos\/pack-moto-de-agua-y-buggy\/#breadcrumb","itemListElement":[{"@type":"ListItem","position":1,"name":"Portada","item":"https:\/\/www.actividadesgijon.com\/reservas\/"},{"@type":"ListItem","position":2,"name":"Productos","item":"https:\/\/www.actividadesgijon.com\/reservas\/shop\/"},{"@type":"ListItem","position":3,"name":"Pack Moto de agua y Buggy"}]},{"@type":"WebSite","@id":"https:\/\/www.actividadesgijon.com\/reservas\/#website","url":"https:\/\/www.actividadesgijon.com\/reservas\/","name":"Reservas Actividades Gij\u00f3n","description":"","potentialAction":[{"@type":"SearchAction","target":{"@type":"EntryPoint","urlTemplate":"https:\/\/www.actividadesgijon.com\/reservas\/?s={search_term_string}"},"query-input":"required name=search_term_string"}],"inLanguage":"es"}]}},"_links":{"self":[{"href":"https:\/\/www.actividadesgijon.com\/reservas\/wp-json\/wp\/v2\/product\/314"}],"collection":[{"href":"https:\/\/www.actividadesgijon.com\/reservas\/wp-json\/wp\/v2\/product"}],"about":[{"href":"https:\/\/www.actividadesgijon.com\/reservas\/wp-json\/wp\/v2\/types\/product"}],"wp:featuredmedia":[{"embeddable":true,"href":"https:\/\/www.actividadesgijon.com\/reservas\/wp-json\/wp\/v2\/media\/328"}],"wp:attachment":[{"href":"https:\/\/www.actividadesgijon.com\/reservas\/wp-json\/wp\/v2\/media?parent=314"}],"wp:term":[{"taxonomy":"product_cat","embeddable":true,"href":"https:\/\/www.actividadesgijon.com\/reservas\/wp-json\/wp\/v2\/product_cat?post=314"},{"taxonomy":"product_tag","embeddable":true,"href":"https:\/\/www.actividadesgijon.com\/reservas\/wp-json\/wp\/v2\/product_tag?post=314"}],"curies":[{"name":"wp","href":"https:\/\/api.w.org\/{rel}","templated":true}]}}