{"id":302,"date":"2021-05-06T07:54:56","date_gmt":"2021-05-06T07:54:56","guid":{"rendered":"http:\/\/publicidadoviedo.com\/gijontienda\/?page_id=302"},"modified":"2021-05-06T07:54:56","modified_gmt":"2021-05-06T07:54:56","slug":"politica-de-cookies","status":"publish","type":"page","link":"https:\/\/www.actividadesgijon.com\/reservas\/politica-de-cookies\/","title":{"rendered":"Pol\u00edtica de Cookies"},"content":{"rendered":"<div class=\"wpb-content-wrapper\"><p>[vc_row][vc_column]<h3 class=\"grve-element grve-title grve-align-left grve-h3\" style=\"\"><span><br>\n<h1 class=\"entry-title main_title\">Pol\u00edtica de Cookies<\/h1>\n<\/span><\/h3>[\/vc_column][\/vc_row][vc_row][vc_column][vc_column_text]AVISO LEGAL COOKIES \u2013 ACTIVIDADES GIJON, S.L.<\/p>\n<p>1\u00aa CAPA<\/p>\n<p>Uso de cookies<\/p>\n<p>Esta web usa cookies propias y de terceros para su funcionamiento, as\u00ed como para obtener estad\u00edsticas an\u00f3nimas de uso de la web.<\/p>\n<p>Si contin\u00faa navegando consideramos que acepta su uso. Puede cambiar la configuraci\u00f3n u obtener m\u00e1s informaci\u00f3n en la Pol\u00edtica de Cookies (enlace a la 2\u00aa capa)<\/p>\n<p>Aceptar<\/p>\n<p>2\u00aa CAPA<\/p>\n<p>Pol\u00edtica de Cookies de ACTIVIDADES GIJON, S.L.<br \/>\nEn ACTIVIDADES GIJON, S.L. utilizamos cookies con el objetivo de prestar un mejor servicio y proporcionarte una mejor experiencia en tu navegaci\u00f3n. Queremos informarte de manera clara y precisa sobre las cookies que utilizamos, detallando a continuaci\u00f3n, que es una cookie, para que sirve, que tipos de cookies utilizamos, cuales son su finalidad y como puedes configurarlas o deshabilitarlas si as\u00ed lo deseas.<br \/>\n\u00bfQu\u00e9 es una cookie y para qu\u00e9 sirve?<br \/>\nUna \u00abCookie\u00bb es un peque\u00f1o archivo que se almacena en el ordenador del usuario, tablet, smartphone o cualquier otro dispositivo con informaci\u00f3n sobre la navegaci\u00f3n.<br \/>\nEl conjunto de \u00abcookies\u00bb de todos nuestros usuarios nos ayuda a mejorar la calidad de nuestra web, permiti\u00e9ndonos controlar qu\u00e9 p\u00e1ginas son \u00fatiles, cu\u00e1les no y cu\u00e1les son susceptibles de mejora.<br \/>\nLas cookies son esenciales para el funcionamiento de internet, aportando innumerables ventajas en la prestaci\u00f3n de servicios interactivos, facilit\u00e1ndote la navegaci\u00f3n y usabilidad de nuestra web.<br \/>\nEn ning\u00fan caso las cookies podr\u00edan da\u00f1ar tu equipo. Por contra, el que est\u00e9n activas nos ayuda a identificar y resolver los errores.<br \/>\n\u00bfQu\u00e9 tipos de cookies utilizamos?<br \/>\nSeg\u00fan la entidad que la gestiona:<br \/>\nCookies propias: Son aquellas que se env\u00edan a tu equipo desde nuestros propios equipos o dominios y desde el que prestamos el servicio que nos solicitas.<br \/>\nCookies de terceros: Son aquellas que se env\u00edan a tu equipo desde un equipo o dominio que no es gestionado por nosotros, sino por otra entidad colaboradora. Como por ejemplo, las usadas por redes sociales, o por contenido externo como Google Maps.<br \/>\nSeg\u00fan el plazo de tiempo que permanecen activadas:<br \/>\nCookies de sesi\u00f3n: Son cookies temporales que permanecen en el archivo de cookies de tu navegador hasta que abandonas la p\u00e1gina web, por lo que ninguna queda registrada en el disco duro de tu ordenador. La informaci\u00f3n obtenida por medio de estas cookies, sirven para analizar pautas de tr\u00e1fico en la web. A la larga, esto nos permite proporcionar una mejor experiencia para mejorar el contenido y facilitar su uso.<br \/>\nCookies persistentes: son almacenadas en el disco duro y nuestra web las lee cada vez que realizas una nueva visita. Una web permanente posee una fecha de expiraci\u00f3n determinada. La cookie dejar\u00e1 de funcionar despu\u00e9s de esa fecha. Estas cookies las utilizamos, generalmente, para facilitar los servicios de compra y registro.<br \/>\nSeg\u00fan su finalidad:<br \/>\nCookies t\u00e9cnicas: Son aquellas necesarias para la navegaci\u00f3n y el buen funcionamiento de nuestra p\u00e1gina web. Permiten por ejemplo, controlar el tr\u00e1fico y la comunicaci\u00f3n de datos, acceder a partes de acceso restringido, realizar el proceso de compra de un pedido, utilizar elementos de seguridad, almacenar contenidos para poder difundir v\u00eddeos o compartir contenidos a trav\u00e9s de redes sociales.<br \/>\nCookies de personalizaci\u00f3n: Son aqu\u00e9llas que te permiten acceder al servicio con unas caracter\u00edsticas predefinidas en funci\u00f3n de una serie de criterios, como por ejemplo el idioma, el tipo de navegador a trav\u00e9s del cual se accede al servicio, la configuraci\u00f3n regional desde donde se accede al servicio, etc.<br \/>\nCookies de an\u00e1lisis: Son aqu\u00e9llas que nos permiten cuantificar el n\u00famero de usuarios y as\u00ed realizar la medici\u00f3n y an\u00e1lisis estad\u00edstico de la utilizaci\u00f3n que hacen los usuarios de los servicios prestados.<br \/>\nPara ello se analiza su navegaci\u00f3n en nuestra p\u00e1gina web con el fin de mejorar la oferta de productos y servicios que ofrecemos.<br \/>\nCookies publicitarias: Son aqu\u00e9llas que permiten la gesti\u00f3n, de la forma m\u00e1s eficaz posible, de los espacios publicitarios que se pudieran incluir en nuestra p\u00e1gina web.<br \/>\nCookies de publicidad comportamental: Estas cookies almacenan informaci\u00f3n del comportamiento de los usuarios obtenida a trav\u00e9s de la observaci\u00f3n continuada. Gracias a ellas, podemos conocer los h\u00e1bitos de navegaci\u00f3n en internet y mostrarte publicidad relacionada con tu perfil de navegaci\u00f3n.<br \/>\nFinalidad de cada una de las cookies utilizadas:<br \/>\nA continuaci\u00f3n detallamos las cookies utilizadas en nuestra web y la finalidad de las mismas.<br \/>\nRelaci\u00f3n de cookies utilizadas en el dominio www.actividadesgijon.com:<br \/>\nNombre<br \/>\nServidor desde el que se env\u00eda<br \/>\nFinalidad<br \/>\nPropia\/<br \/>\nTerceros<br \/>\nExcluida\/<br \/>\nNo Exclu\u00edda<br \/>\n(del deber de la informaci\u00f3n y consentimiento)<\/p>\n<p>Relaci\u00f3n de terceros prestadores de servicios de cookies en el dominio www.actividadesgijon.com:<br \/>\nNombre<br \/>\ndel proveedor<br \/>\nFinalidad<br \/>\nde la cookie<br \/>\nDescripci\u00f3n de la finalidad<br \/>\nde la cookie<br \/>\nSi desea m\u00e1s informaci\u00f3n sobre el uso de las cookies de este tercero<br \/>\nNOTA: Esta lista se actualizar\u00e1 con la mayor celeridad posible a medida que cambien los servicios del sitio web ofrecidos en el mismo. Sin embargo, ocasionalmente durante esta actualizaci\u00f3n puede ser que la lista no incluya ya una cookie, aunque siempre se referir\u00e1 a cookies con prop\u00f3sitos id\u00e9nticos a los registrados en esta lista.<br \/>\n\u00bfC\u00f3mo puedes configurar o deshabilitar tus cookies?<br \/>\nPuedes permitir, bloquear o eliminar las cookies instaladas en su equipo mediante la configuraci\u00f3n de las opciones de tu navegador de Internet. En caso de que no permitas la instalaci\u00f3n de cookies en tu navegador es posible que no puedas acceder a algunos de los servicios y que tu experiencia en nuestra web pueda resultar menos satisfactoria.<br \/>\nEn los siguientes enlaces tienes a tu disposici\u00f3n toda la informaci\u00f3n para configurar o deshabilitar tus cookies en cada navegador:<br \/>\nGoogle Chrome<br \/>\nMozilla Firefox<br \/>\nInternet Explorer<br \/>\nSafari<br \/>\nSafari para IOS (iPhone y iPad)<br \/>\nChrome para Android<br \/>\nConsentimiento<br \/>\nEn ACTIVIDADES GIJON, S.L. nunca guardamos los datos personales de nuestros usuarios, a excepci\u00f3n de la direcci\u00f3n IP de acuerdo a lo descrito anteriormente, salvo que quieras registrarte, de forma voluntaria con el fin de realizar compras de los productos y servicios que ponemos a tu disposici\u00f3n o de recibir informaci\u00f3n sobre promociones y contenidos de tu inter\u00e9s.<br \/>\nAl navegar y continuar en nuestra web nos indicas que est\u00e1s consintiendo el uso de las cookies antes enunciadas, y en las condiciones contenidas en la presente Pol\u00edtica de Cookies.<\/p>\n<p>EJEMPLO COOKIES GOOGLE ANALYTICS<\/p>\n<p>Nombre<br \/>\nServidor desde el que se env\u00eda<br \/>\nTipo Caducidad Finalidad Propia\/Terceros<br \/>\nEntidad Responsable<br \/>\nExcluida\/No Exclu\u00edda(del deber de la informaci\u00f3n y consentimiento)<br \/>\nDescripci\u00f3n<br \/>\n__utma url.es Permanente 2 a\u00f1os Anal\u00edticas Terceros<br \/>\nGoogle Analytics<br \/>\nNo<br \/>\nCookies de Google Analytics. Generan un ID de usuario an\u00f3nimo, que es el que se utiliza para hacer recuento de cuantas veces visita el sitio un usuario, que p\u00e1ginas le interesan m\u00e1s y menos. Tambi\u00e9n registra cuando fue la primera y la \u00faltima vez que visit\u00f3 la web. Asimismo, calcula cuando se ha terminado una sesi\u00f3n, origen del usuario, y keywords que le han llevado hasta la web *<br \/>\n__utmb url.es Permanente 1 d\u00eda Anal\u00edticas Terceros<br \/>\nGoogle Analytics<br \/>\nNo<br \/>\n* Idem que __utma<br \/>\n__utmc url.es Sesi\u00f3n<br \/>\nAl cerrar el navegador<br \/>\nAnal\u00edticas Terceros<br \/>\nGoogle Analytics<br \/>\nNo<br \/>\n* Idem que __utma<br \/>\n__utmz url.es Permanente 6 meses Anal\u00edticas Terceros<br \/>\nGoogle Analytics<br \/>\nNo<br \/>\n* Idem que __utma<\/p>\n<p>EJEMPLO PROVEEDOR GOOGLE COOKIES<\/p>\n<p>Nombre del Proveedor<br \/>\nFinalidad de la Cookie<br \/>\nDescripci\u00f3n de la finalidad de la cookie<br \/>\nSi desea m\u00e1s informaci\u00f3n sobre el uso de las cookies de este tercero<br \/>\nGoogle Analytics<br \/>\nCookies de an\u00e1lisis<br \/>\nCookies de sesi\u00f3n y permanentes \u201cAnalytics\u201d de Google Inc: Las cookies \u201cAnalytics\u201d permiten realizar an\u00e1lisis del Sitio Web recopilando m\u00e9tricas de la navegaci\u00f3n del Usuario tales como duraci\u00f3n de la visita al Sitio Web, p\u00e1ginas visitadas, procedencia geogr\u00e1fica del Usuario, entre otras m\u00e9tricas<br \/>\nGoogle Analytics[\/vc_column_text][\/vc_column][\/vc_row]<\/p>\n<\/div>","protected":false},"excerpt":{"rendered":"<p>[vc_row][vc_column][\/vc_column][\/vc_row][vc_row][vc_column][vc_column_text]AVISO LEGAL COOKIES \u2013 ACTIVIDADES GIJON, S.L. 1\u00aa CAPA Uso de cookies Esta web usa cookies propias y de terceros para su funcionamiento, as\u00ed como para obtener estad\u00edsticas an\u00f3nimas de uso de la web. Si contin\u00faa navegando consideramos que acepta su uso. Puede cambiar la configuraci\u00f3n u obtener m\u00e1s informaci\u00f3n en la Pol\u00edtica de Cookies [&hellip;]<\/p>\n","protected":false},"author":1,"featured_media":0,"parent":0,"menu_order":0,"comment_status":"closed","ping_status":"closed","template":"","meta":{"footnotes":""},"class_list":["post-302","page","type-page","status-publish","hentry"],"yoast_head":"<!-- This site is optimized with the Yoast SEO plugin v23.1 - https:\/\/yoast.com\/wordpress\/plugins\/seo\/ -->\n<title>Pol\u00edtica de Cookies - Reservas Actividades Gij\u00f3n<\/title>\n<meta name=\"robots\" content=\"index, follow, max-snippet:-1, max-image-preview:large, max-video-preview:-1\" \/>\n<link rel=\"canonical\" href=\"https:\/\/www.actividadesgijon.com\/reservas\/politica-de-cookies\/\" \/>\n<meta property=\"og:locale\" content=\"es_ES\" \/>\n<meta property=\"og:type\" content=\"article\" \/>\n<meta property=\"og:title\" content=\"Pol\u00edtica de Cookies - Reservas Actividades Gij\u00f3n\" \/>\n<meta property=\"og:description\" content=\"[vc_row][vc_column][\/vc_column][\/vc_row][vc_row][vc_column][vc_column_text]AVISO LEGAL COOKIES \u2013 ACTIVIDADES GIJON, S.L. 1\u00aa CAPA Uso de cookies Esta web usa cookies propias y de terceros para su funcionamiento, as\u00ed como para obtener estad\u00edsticas an\u00f3nimas de uso de la web. Si contin\u00faa navegando consideramos que acepta su uso. Puede cambiar la configuraci\u00f3n u obtener m\u00e1s informaci\u00f3n en la Pol\u00edtica de Cookies [&hellip;]\" \/>\n<meta property=\"og:url\" content=\"https:\/\/www.actividadesgijon.com\/reservas\/politica-de-cookies\/\" \/>\n<meta property=\"og:site_name\" content=\"Reservas Actividades Gij\u00f3n\" \/>\n<meta name=\"twitter:card\" content=\"summary_large_image\" \/>\n<meta name=\"twitter:label1\" content=\"Tiempo de lectura\" \/>\n\t<meta name=\"twitter:data1\" content=\"6 minutos\" \/>\n<script type=\"application\/ld+json\" class=\"yoast-schema-graph\">{\"@context\":\"https:\/\/schema.org\",\"@graph\":[{\"@type\":\"WebPage\",\"@id\":\"https:\/\/www.actividadesgijon.com\/reservas\/politica-de-cookies\/\",\"url\":\"https:\/\/www.actividadesgijon.com\/reservas\/politica-de-cookies\/\",\"name\":\"Pol\u00edtica de Cookies - Reservas Actividades Gij\u00f3n\",\"isPartOf\":{\"@id\":\"https:\/\/www.actividadesgijon.com\/reservas\/#website\"},\"datePublished\":\"2021-05-06T07:54:56+00:00\",\"dateModified\":\"2021-05-06T07:54:56+00:00\",\"breadcrumb\":{\"@id\":\"https:\/\/www.actividadesgijon.com\/reservas\/politica-de-cookies\/#breadcrumb\"},\"inLanguage\":\"es\",\"potentialAction\":[{\"@type\":\"ReadAction\",\"target\":[\"https:\/\/www.actividadesgijon.com\/reservas\/politica-de-cookies\/\"]}]},{\"@type\":\"BreadcrumbList\",\"@id\":\"https:\/\/www.actividadesgijon.com\/reservas\/politica-de-cookies\/#breadcrumb\",\"itemListElement\":[{\"@type\":\"ListItem\",\"position\":1,\"name\":\"Portada\",\"item\":\"https:\/\/www.actividadesgijon.com\/reservas\/\"},{\"@type\":\"ListItem\",\"position\":2,\"name\":\"Pol\u00edtica de Cookies\"}]},{\"@type\":\"WebSite\",\"@id\":\"https:\/\/www.actividadesgijon.com\/reservas\/#website\",\"url\":\"https:\/\/www.actividadesgijon.com\/reservas\/\",\"name\":\"Reservas Actividades Gij\u00f3n\",\"description\":\"\",\"potentialAction\":[{\"@type\":\"SearchAction\",\"target\":{\"@type\":\"EntryPoint\",\"urlTemplate\":\"https:\/\/www.actividadesgijon.com\/reservas\/?s={search_term_string}\"},\"query-input\":\"required name=search_term_string\"}],\"inLanguage\":\"es\"}]}<\/script>\n<!-- \/ Yoast SEO plugin. -->","yoast_head_json":{"title":"Pol\u00edtica de Cookies - Reservas Actividades Gij\u00f3n","robots":{"index":"index","follow":"follow","max-snippet":"max-snippet:-1","max-image-preview":"max-image-preview:large","max-video-preview":"max-video-preview:-1"},"canonical":"https:\/\/www.actividadesgijon.com\/reservas\/politica-de-cookies\/","og_locale":"es_ES","og_type":"article","og_title":"Pol\u00edtica de Cookies - Reservas Actividades Gij\u00f3n","og_description":"[vc_row][vc_column][\/vc_column][\/vc_row][vc_row][vc_column][vc_column_text]AVISO LEGAL COOKIES \u2013 ACTIVIDADES GIJON, S.L. 1\u00aa CAPA Uso de cookies Esta web usa cookies propias y de terceros para su funcionamiento, as\u00ed como para obtener estad\u00edsticas an\u00f3nimas de uso de la web. Si contin\u00faa navegando consideramos que acepta su uso. Puede cambiar la configuraci\u00f3n u obtener m\u00e1s informaci\u00f3n en la Pol\u00edtica de Cookies [&hellip;]","og_url":"https:\/\/www.actividadesgijon.com\/reservas\/politica-de-cookies\/","og_site_name":"Reservas Actividades Gij\u00f3n","twitter_card":"summary_large_image","twitter_misc":{"Tiempo de lectura":"6 minutos"},"schema":{"@context":"https:\/\/schema.org","@graph":[{"@type":"WebPage","@id":"https:\/\/www.actividadesgijon.com\/reservas\/politica-de-cookies\/","url":"https:\/\/www.actividadesgijon.com\/reservas\/politica-de-cookies\/","name":"Pol\u00edtica de Cookies - Reservas Actividades Gij\u00f3n","isPartOf":{"@id":"https:\/\/www.actividadesgijon.com\/reservas\/#website"},"datePublished":"2021-05-06T07:54:56+00:00","dateModified":"2021-05-06T07:54:56+00:00","breadcrumb":{"@id":"https:\/\/www.actividadesgijon.com\/reservas\/politica-de-cookies\/#breadcrumb"},"inLanguage":"es","potentialAction":[{"@type":"ReadAction","target":["https:\/\/www.actividadesgijon.com\/reservas\/politica-de-cookies\/"]}]},{"@type":"BreadcrumbList","@id":"https:\/\/www.actividadesgijon.com\/reservas\/politica-de-cookies\/#breadcrumb","itemListElement":[{"@type":"ListItem","position":1,"name":"Portada","item":"https:\/\/www.actividadesgijon.com\/reservas\/"},{"@type":"ListItem","position":2,"name":"Pol\u00edtica de Cookies"}]},{"@type":"WebSite","@id":"https:\/\/www.actividadesgijon.com\/reservas\/#website","url":"https:\/\/www.actividadesgijon.com\/reservas\/","name":"Reservas Actividades Gij\u00f3n","description":"","potentialAction":[{"@type":"SearchAction","target":{"@type":"EntryPoint","urlTemplate":"https:\/\/www.actividadesgijon.com\/reservas\/?s={search_term_string}"},"query-input":"required name=search_term_string"}],"inLanguage":"es"}]}},"_links":{"self":[{"href":"https:\/\/www.actividadesgijon.com\/reservas\/wp-json\/wp\/v2\/pages\/302"}],"collection":[{"href":"https:\/\/www.actividadesgijon.com\/reservas\/wp-json\/wp\/v2\/pages"}],"about":[{"href":"https:\/\/www.actividadesgijon.com\/reservas\/wp-json\/wp\/v2\/types\/page"}],"author":[{"embeddable":true,"href":"https:\/\/www.actividadesgijon.com\/reservas\/wp-json\/wp\/v2\/users\/1"}],"replies":[{"embeddable":true,"href":"https:\/\/www.actividadesgijon.com\/reservas\/wp-json\/wp\/v2\/comments?post=302"}],"version-history":[{"count":1,"href":"https:\/\/www.actividadesgijon.com\/reservas\/wp-json\/wp\/v2\/pages\/302\/revisions"}],"predecessor-version":[{"id":303,"href":"https:\/\/www.actividadesgijon.com\/reservas\/wp-json\/wp\/v2\/pages\/302\/revisions\/303"}],"wp:attachment":[{"href":"https:\/\/www.actividadesgijon.com\/reservas\/wp-json\/wp\/v2\/media?parent=302"}],"curies":[{"name":"wp","href":"https:\/\/api.w.org\/{rel}","templated":true}]}}