{"id":300,"date":"2021-05-06T07:55:05","date_gmt":"2021-05-06T07:55:05","guid":{"rendered":"http:\/\/publicidadoviedo.com\/gijontienda\/?page_id=300"},"modified":"2021-05-06T07:55:05","modified_gmt":"2021-05-06T07:55:05","slug":"politica-de-privacidad","status":"publish","type":"page","link":"https:\/\/www.actividadesgijon.com\/reservas\/politica-de-privacidad\/","title":{"rendered":"Pol\u00edtica de Privacidad"},"content":{"rendered":"<div class=\"wpb-content-wrapper\"><p>[vc_row][vc_column]<h3 class=\"grve-element grve-title grve-align-left grve-h3\" style=\"\"><span>Pol\u00edtica de Privacidad<\/span><\/h3>[\/vc_column][\/vc_row][vc_row][vc_column][vc_column_text]<strong><em>POL\u00cdTICA DE PRIVACIDAD<\/em><\/strong><\/p>\n<p><strong>Pol\u00edtica de Protecci\u00f3n de Datos<\/strong><\/p>\n<ul>\n<li><strong>RESPONSABLE<\/strong><\/li>\n<\/ul>\n<p>ACTIVIDADES GIJ\u00d3N, S.L.<\/p>\n<p>CIF: B-52.550.399<\/p>\n<p><strong>Domicilio<\/strong><\/p>\n<p>C\/ ARGANDONA, 14 \u2013 BAJO A. 33208 \u2013 GIJ\u00d3N (ASTURIAS)<\/p>\n<p>Email:\u00a0<a href=\"mailto:info@amargos.com\">info@actividadesgijon.com<\/a><\/p>\n<p>Nombre del dominio<\/p>\n<p><a href=\"http:\/\/www.actividadesgijon.com\/\">www.actividadesgijon.com<\/a><\/p>\n<p>La empresa no ha designado aun Delegado de Protecci\u00f3n de Datos al no existir obligatoriedad para ello<\/p>\n<ul>\n<li><strong>FINALIDAD DEL TRATAMIENTO<\/strong><\/li>\n<\/ul>\n<p>La finalidad de la recogida y tratamiento de los datos personales, a trav\u00e9s de los distintos formularios propiedad de\u00a0<strong>ACTIVIDADES GIJ\u00d3N, S.L.<\/strong>, puestos a disposici\u00f3n de los Usuarios, responden, seg\u00fan el caso concreto, para gestionar y atender a solicitudes de informaci\u00f3n, dudas, quejas, felicitaciones o sugerencias a las publicaciones o a cualesquiera servicios o actividades, actos o eventos prestados, ofertados, patrocinados y\/o sponsorizados por\u00a0<strong>ACTIVIDADES GIJ\u00d3N, S.L.<\/strong>, as\u00ed como conocer la opini\u00f3n de los usuarios, y adem\u00e1s, gestionar las solicitudes de empleo, mediante la recogida de curr\u00edculums, con el fin de poder contactar con el interesado y llevar a cabo un proceso de selecci\u00f3n.<\/p>\n<ul>\n<li><strong>PLAZO DE CONSERVACI\u00d3N<\/strong><\/li>\n<\/ul>\n<p>Se conservar\u00e1n durante el tiempo necesario para cumplir con la finalidad para la que se recabaron y para determinar las posibles responsabilidades que se pudieran derivar de dicha finalidad y del tratamiento de los datos.<\/p>\n<ul>\n<li><strong>LEGITIMACI\u00d3N<\/strong><\/li>\n<\/ul>\n<p><strong>ACTIVIDADES GIJ\u00d3N, S.L.<\/strong>\u00a0est\u00e1 legitimado al tratamiento de datos personales, en base al consentimiento otorgado por el interesado mediante la firma o aceptaci\u00f3n de los pertinentes formularios, para uno o varios fines espec\u00edficos, tal y como recoge el art\u00edculo 6.1. a) del Reglamento General de Protecci\u00f3n de datos personales.<\/p>\n<ul>\n<li><strong>EXACTITUD DE LOS DATOS<\/strong><\/li>\n<\/ul>\n<p>Por otro lado, con el fin de que los datos obrantes en nuestros ficheros, inform\u00e1ticos y\/o en papel, siempre correspondan a la realidad, se tratar\u00e1 de mantener actualizados. De manera que, a estos efectos, el Usuario deber\u00e1 realizar los cambios, directamente, cuando as\u00ed est\u00e9 habilitado o comunic\u00e1ndose, por medio fehaciente, al \u00e1rea o departamento correspondiente de\u00a0<strong>ACTIVIDADES GIJ\u00d3N, S.L.<\/strong><\/p>\n<ul>\n<li><strong>DESTINATARIOS<\/strong><\/li>\n<\/ul>\n<p>Los datos personales no ser\u00e1n cedidos o comunicados a terceros, salvo en los supuestos necesarios para el desarrollo, control y cumplimiento de las finalidad\/es expresada\/s, en los supuestos previstos seg\u00fan Ley.<\/p>\n<ul>\n<li><strong>DERECHOS DE LOS USUARIOS<\/strong><\/li>\n<\/ul>\n<p>No obstante, el interesado de los datos personales en todo caso podr\u00e1 ejercitar los derechos que le asisten, de acuerdo con el Reglamento General de Protecci\u00f3n de Datos, y que son:<\/p>\n<ul>\n<li>Derecho a solicitar el acceso a los datos personales relativos al interesado,<\/li>\n<li>Derecho a solicitar su rectificaci\u00f3n o supresi\u00f3n,<\/li>\n<li>Derecho a solicitar la limitaci\u00f3n de su tratamiento,<\/li>\n<li>Derecho a oponerse al tratamiento,<\/li>\n<li>Derecho a la portabilidad de los datos<\/li>\n<\/ul>\n<p>El interesado podr\u00e1 ejercitar tales derechos mediante solicitud acompa\u00f1ada de una fotocopia de su D.N.I, y en la que especificar\u00e1 cu\u00e1l de \u00e9stos solicita sea satisfecho, remitida a la direcci\u00f3n:<\/p>\n<p><strong>ACTIVIDADES GIJ\u00d3N, S.L.<\/strong>,<\/p>\n<p>C\/ ARGANDONA, 14 \u2013 BAJO A. 33208 \u2013 GIJ\u00d3N (ASTURIAS)<\/p>\n<p>Email:\u00a0<a href=\"mailto:info@amargos.com\">info@actividadesgijon.com<\/a><\/p>\n<p>En caso de considerar vulnerado su derecho a la protecci\u00f3n de datos personales, podr\u00e1 interponer una reclamaci\u00f3n ante la Agencia Espa\u00f1ola de Protecci\u00f3n de Datos (<a href=\"http:\/\/www.agpd.es\/\">www.agpd.es<\/a>).<\/p>\n<ul>\n<li><strong>MEDIDAS DE SEGURIDAD<\/strong><\/li>\n<\/ul>\n<p>Finalmente se informa que\u00a0<strong>ACTIVIDADES GIJ\u00d3N, S.L.<\/strong>, adoptar\u00e1 en su sistema de informaci\u00f3n las medidas t\u00e9cnicas y organizativas adecuadas, dando cumplimiento al principio de responsabilidad proactiva, a fin de garantizar la seguridad y confidencialidad de los datos almacenados, evitando as\u00ed, su alteraci\u00f3n, p\u00e9rdida, tratamiento o acceso no autorizado; teniendo en cuenta el estado de la t\u00e9cnica, los costes de aplicaci\u00f3n, y la naturaleza, el alcance, el contexto y los fines del tratamiento, as\u00ed como riesgos de probabilidad y gravedad variables asociadas a cada uno de los tratamientos.[\/vc_column_text][\/vc_column][\/vc_row]<\/p>\n<\/div>","protected":false},"excerpt":{"rendered":"<p>[vc_row][vc_column][\/vc_column][\/vc_row][vc_row][vc_column][vc_column_text]POL\u00cdTICA DE PRIVACIDAD Pol\u00edtica de Protecci\u00f3n de Datos RESPONSABLE ACTIVIDADES GIJ\u00d3N, S.L. CIF: B-52.550.399 Domicilio C\/ ARGANDONA, 14 \u2013 BAJO A. 33208 \u2013 GIJ\u00d3N (ASTURIAS) Email:\u00a0info@actividadesgijon.com Nombre del dominio www.actividadesgijon.com La empresa no ha designado aun Delegado de Protecci\u00f3n de Datos al no existir obligatoriedad para ello FINALIDAD DEL TRATAMIENTO La finalidad de la recogida [&hellip;]<\/p>\n","protected":false},"author":1,"featured_media":0,"parent":0,"menu_order":0,"comment_status":"closed","ping_status":"closed","template":"","meta":{"footnotes":""},"class_list":["post-300","page","type-page","status-publish","hentry"],"yoast_head":"<!-- This site is optimized with the Yoast SEO plugin v23.1 - https:\/\/yoast.com\/wordpress\/plugins\/seo\/ -->\n<title>Pol\u00edtica de Privacidad - Reservas Actividades Gij\u00f3n<\/title>\n<meta name=\"robots\" content=\"index, follow, max-snippet:-1, max-image-preview:large, max-video-preview:-1\" \/>\n<link rel=\"canonical\" href=\"https:\/\/www.actividadesgijon.com\/reservas\/politica-de-privacidad\/\" \/>\n<meta property=\"og:locale\" content=\"es_ES\" \/>\n<meta property=\"og:type\" content=\"article\" \/>\n<meta property=\"og:title\" content=\"Pol\u00edtica de Privacidad - Reservas Actividades Gij\u00f3n\" \/>\n<meta property=\"og:description\" content=\"[vc_row][vc_column][\/vc_column][\/vc_row][vc_row][vc_column][vc_column_text]POL\u00cdTICA DE PRIVACIDAD Pol\u00edtica de Protecci\u00f3n de Datos RESPONSABLE ACTIVIDADES GIJ\u00d3N, S.L. CIF: B-52.550.399 Domicilio C\/ ARGANDONA, 14 \u2013 BAJO A. 33208 \u2013 GIJ\u00d3N (ASTURIAS) Email:\u00a0info@actividadesgijon.com Nombre del dominio www.actividadesgijon.com La empresa no ha designado aun Delegado de Protecci\u00f3n de Datos al no existir obligatoriedad para ello FINALIDAD DEL TRATAMIENTO La finalidad de la recogida [&hellip;]\" \/>\n<meta property=\"og:url\" content=\"https:\/\/www.actividadesgijon.com\/reservas\/politica-de-privacidad\/\" \/>\n<meta property=\"og:site_name\" content=\"Reservas Actividades Gij\u00f3n\" \/>\n<meta name=\"twitter:card\" content=\"summary_large_image\" \/>\n<meta name=\"twitter:label1\" content=\"Tiempo de lectura\" \/>\n\t<meta name=\"twitter:data1\" content=\"3 minutos\" \/>\n<script type=\"application\/ld+json\" class=\"yoast-schema-graph\">{\"@context\":\"https:\/\/schema.org\",\"@graph\":[{\"@type\":\"WebPage\",\"@id\":\"https:\/\/www.actividadesgijon.com\/reservas\/politica-de-privacidad\/\",\"url\":\"https:\/\/www.actividadesgijon.com\/reservas\/politica-de-privacidad\/\",\"name\":\"Pol\u00edtica de Privacidad - Reservas Actividades Gij\u00f3n\",\"isPartOf\":{\"@id\":\"https:\/\/www.actividadesgijon.com\/reservas\/#website\"},\"datePublished\":\"2021-05-06T07:55:05+00:00\",\"dateModified\":\"2021-05-06T07:55:05+00:00\",\"breadcrumb\":{\"@id\":\"https:\/\/www.actividadesgijon.com\/reservas\/politica-de-privacidad\/#breadcrumb\"},\"inLanguage\":\"es\",\"potentialAction\":[{\"@type\":\"ReadAction\",\"target\":[\"https:\/\/www.actividadesgijon.com\/reservas\/politica-de-privacidad\/\"]}]},{\"@type\":\"BreadcrumbList\",\"@id\":\"https:\/\/www.actividadesgijon.com\/reservas\/politica-de-privacidad\/#breadcrumb\",\"itemListElement\":[{\"@type\":\"ListItem\",\"position\":1,\"name\":\"Portada\",\"item\":\"https:\/\/www.actividadesgijon.com\/reservas\/\"},{\"@type\":\"ListItem\",\"position\":2,\"name\":\"Pol\u00edtica de Privacidad\"}]},{\"@type\":\"WebSite\",\"@id\":\"https:\/\/www.actividadesgijon.com\/reservas\/#website\",\"url\":\"https:\/\/www.actividadesgijon.com\/reservas\/\",\"name\":\"Reservas Actividades Gij\u00f3n\",\"description\":\"\",\"potentialAction\":[{\"@type\":\"SearchAction\",\"target\":{\"@type\":\"EntryPoint\",\"urlTemplate\":\"https:\/\/www.actividadesgijon.com\/reservas\/?s={search_term_string}\"},\"query-input\":\"required name=search_term_string\"}],\"inLanguage\":\"es\"}]}<\/script>\n<!-- \/ Yoast SEO plugin. -->","yoast_head_json":{"title":"Pol\u00edtica de Privacidad - Reservas Actividades Gij\u00f3n","robots":{"index":"index","follow":"follow","max-snippet":"max-snippet:-1","max-image-preview":"max-image-preview:large","max-video-preview":"max-video-preview:-1"},"canonical":"https:\/\/www.actividadesgijon.com\/reservas\/politica-de-privacidad\/","og_locale":"es_ES","og_type":"article","og_title":"Pol\u00edtica de Privacidad - Reservas Actividades Gij\u00f3n","og_description":"[vc_row][vc_column][\/vc_column][\/vc_row][vc_row][vc_column][vc_column_text]POL\u00cdTICA DE PRIVACIDAD Pol\u00edtica de Protecci\u00f3n de Datos RESPONSABLE ACTIVIDADES GIJ\u00d3N, S.L. CIF: B-52.550.399 Domicilio C\/ ARGANDONA, 14 \u2013 BAJO A. 33208 \u2013 GIJ\u00d3N (ASTURIAS) Email:\u00a0info@actividadesgijon.com Nombre del dominio www.actividadesgijon.com La empresa no ha designado aun Delegado de Protecci\u00f3n de Datos al no existir obligatoriedad para ello FINALIDAD DEL TRATAMIENTO La finalidad de la recogida [&hellip;]","og_url":"https:\/\/www.actividadesgijon.com\/reservas\/politica-de-privacidad\/","og_site_name":"Reservas Actividades Gij\u00f3n","twitter_card":"summary_large_image","twitter_misc":{"Tiempo de lectura":"3 minutos"},"schema":{"@context":"https:\/\/schema.org","@graph":[{"@type":"WebPage","@id":"https:\/\/www.actividadesgijon.com\/reservas\/politica-de-privacidad\/","url":"https:\/\/www.actividadesgijon.com\/reservas\/politica-de-privacidad\/","name":"Pol\u00edtica de Privacidad - Reservas Actividades Gij\u00f3n","isPartOf":{"@id":"https:\/\/www.actividadesgijon.com\/reservas\/#website"},"datePublished":"2021-05-06T07:55:05+00:00","dateModified":"2021-05-06T07:55:05+00:00","breadcrumb":{"@id":"https:\/\/www.actividadesgijon.com\/reservas\/politica-de-privacidad\/#breadcrumb"},"inLanguage":"es","potentialAction":[{"@type":"ReadAction","target":["https:\/\/www.actividadesgijon.com\/reservas\/politica-de-privacidad\/"]}]},{"@type":"BreadcrumbList","@id":"https:\/\/www.actividadesgijon.com\/reservas\/politica-de-privacidad\/#breadcrumb","itemListElement":[{"@type":"ListItem","position":1,"name":"Portada","item":"https:\/\/www.actividadesgijon.com\/reservas\/"},{"@type":"ListItem","position":2,"name":"Pol\u00edtica de Privacidad"}]},{"@type":"WebSite","@id":"https:\/\/www.actividadesgijon.com\/reservas\/#website","url":"https:\/\/www.actividadesgijon.com\/reservas\/","name":"Reservas Actividades Gij\u00f3n","description":"","potentialAction":[{"@type":"SearchAction","target":{"@type":"EntryPoint","urlTemplate":"https:\/\/www.actividadesgijon.com\/reservas\/?s={search_term_string}"},"query-input":"required name=search_term_string"}],"inLanguage":"es"}]}},"_links":{"self":[{"href":"https:\/\/www.actividadesgijon.com\/reservas\/wp-json\/wp\/v2\/pages\/300"}],"collection":[{"href":"https:\/\/www.actividadesgijon.com\/reservas\/wp-json\/wp\/v2\/pages"}],"about":[{"href":"https:\/\/www.actividadesgijon.com\/reservas\/wp-json\/wp\/v2\/types\/page"}],"author":[{"embeddable":true,"href":"https:\/\/www.actividadesgijon.com\/reservas\/wp-json\/wp\/v2\/users\/1"}],"replies":[{"embeddable":true,"href":"https:\/\/www.actividadesgijon.com\/reservas\/wp-json\/wp\/v2\/comments?post=300"}],"version-history":[{"count":1,"href":"https:\/\/www.actividadesgijon.com\/reservas\/wp-json\/wp\/v2\/pages\/300\/revisions"}],"predecessor-version":[{"id":301,"href":"https:\/\/www.actividadesgijon.com\/reservas\/wp-json\/wp\/v2\/pages\/300\/revisions\/301"}],"wp:attachment":[{"href":"https:\/\/www.actividadesgijon.com\/reservas\/wp-json\/wp\/v2\/media?parent=300"}],"curies":[{"name":"wp","href":"https:\/\/api.w.org\/{rel}","templated":true}]}}